{"id":943,"date":"2019-03-28T10:16:08","date_gmt":"2019-03-28T10:16:08","guid":{"rendered":"https:\/\/www.elektrolind.fi\/?post_type=product&#038;p=943"},"modified":"2019-04-12T09:13:41","modified_gmt":"2019-04-12T07:13:41","slug":"drg-975","status":"publish","type":"product","link":"https:\/\/www.elektrolind.fi\/en\/tuote\/drg-975","title":{"rendered":"Puhallin DRG-975"},"content":{"rendered":"<p>Mallit:<\/p>\n<p>131-452-0407<\/p>\n<p>Jos ette l\u00f6yd\u00e4 etsim\u00e4\u00e4nne, ottakaa yhteytt\u00e4!<\/p>\n","protected":false},"excerpt":{"rendered":"<p>Ilmavirtaus: 410 &#8211; 570 &#8211; 690 &#8211;\u00a01000 m3\/h<br \/>\nTehontarve: 68 &#8211; 108 &#8211; 150 &#8211; 270 W<br \/>\nKoko: 350 x 140 x 168 mm<\/p>\n","protected":false},"featured_media":944,"template":"","meta":{"_acf_changed":false},"product_brand":[],"product_cat":[20,71,110],"product_tag":[],"class_list":{"0":"post-943","1":"product","2":"type-product","3":"status-publish","4":"has-post-thumbnail","6":"product_cat-aurora-puhaltimet","7":"product_cat-kaikki-aurora-tuotteet","8":"product_cat-puhallin","10":"first","11":"instock","12":"shipping-taxable","13":"purchasable","14":"product-type-variable"},"acf":[],"yoast_head":"<!-- This site is optimized with the Yoast SEO plugin v27.4 - https:\/\/yoast.com\/product\/yoast-seo-wordpress\/ -->\n<title>Puhallin DRG-975 - Elektrolind Oy<\/title>\n<meta name=\"robots\" content=\"index, follow, max-snippet:-1, max-image-preview:large, max-video-preview:-1\" \/>\n<link rel=\"canonical\" href=\"https:\/\/www.elektrolind.fi\/tuote\/drg-975\" \/>\n<meta property=\"og:locale\" content=\"en_US\" \/>\n<meta property=\"og:type\" content=\"article\" \/>\n<meta property=\"og:title\" content=\"Puhallin DRG-975 - Elektrolind Oy\" \/>\n<meta property=\"og:description\" content=\"Ilmavirtaus: 410 - 570 - 690 -\u00a01000 m3\/h Tehontarve: 68 - 108 - 150 - 270 W Koko: 350 x 140 x 168 mm\" \/>\n<meta property=\"og:url\" content=\"https:\/\/www.elektrolind.fi\/tuote\/drg-975\" \/>\n<meta property=\"og:site_name\" content=\"Elektrolind Oy\" \/>\n<meta property=\"article:modified_time\" content=\"2019-04-12T07:13:41+00:00\" \/>\n<meta property=\"og:image\" content=\"https:\/\/www.elektrolind.fi\/wp-content\/uploads\/2019\/03\/131-602-0403-3.png\" \/>\n\t<meta property=\"og:image:width\" content=\"488\" \/>\n\t<meta property=\"og:image:height\" content=\"288\" \/>\n\t<meta property=\"og:image:type\" content=\"image\/png\" \/>\n<meta name=\"twitter:card\" content=\"summary_large_image\" \/>\n<script type=\"application\/ld+json\" class=\"yoast-schema-graph\">{\"@context\":\"https:\\\/\\\/schema.org\",\"@graph\":[{\"@type\":\"WebPage\",\"@id\":\"https:\\\/\\\/www.elektrolind.fi\\\/tuote\\\/drg-975\",\"url\":\"https:\\\/\\\/www.elektrolind.fi\\\/tuote\\\/drg-975\",\"name\":\"Puhallin DRG-975 - Elektrolind Oy\",\"isPartOf\":{\"@id\":\"https:\\\/\\\/www.elektrolind.fi\\\/#website\"},\"primaryImageOfPage\":{\"@id\":\"https:\\\/\\\/www.elektrolind.fi\\\/tuote\\\/drg-975#primaryimage\"},\"image\":{\"@id\":\"https:\\\/\\\/www.elektrolind.fi\\\/tuote\\\/drg-975#primaryimage\"},\"thumbnailUrl\":\"https:\\\/\\\/www.elektrolind.fi\\\/wp-content\\\/uploads\\\/2019\\\/03\\\/131-602-0403-3.png\",\"datePublished\":\"2019-03-28T10:16:08+00:00\",\"dateModified\":\"2019-04-12T07:13:41+00:00\",\"breadcrumb\":{\"@id\":\"https:\\\/\\\/www.elektrolind.fi\\\/tuote\\\/drg-975#breadcrumb\"},\"inLanguage\":\"en-US\",\"potentialAction\":[{\"@type\":\"ReadAction\",\"target\":[\"https:\\\/\\\/www.elektrolind.fi\\\/tuote\\\/drg-975\"]}]},{\"@type\":\"ImageObject\",\"inLanguage\":\"en-US\",\"@id\":\"https:\\\/\\\/www.elektrolind.fi\\\/tuote\\\/drg-975#primaryimage\",\"url\":\"https:\\\/\\\/www.elektrolind.fi\\\/wp-content\\\/uploads\\\/2019\\\/03\\\/131-602-0403-3.png\",\"contentUrl\":\"https:\\\/\\\/www.elektrolind.fi\\\/wp-content\\\/uploads\\\/2019\\\/03\\\/131-602-0403-3.png\",\"width\":488,\"height\":288},{\"@type\":\"BreadcrumbList\",\"@id\":\"https:\\\/\\\/www.elektrolind.fi\\\/tuote\\\/drg-975#breadcrumb\",\"itemListElement\":[{\"@type\":\"ListItem\",\"position\":1,\"name\":\"Home\",\"item\":\"https:\\\/\\\/www.elektrolind.fi\\\/\"},{\"@type\":\"ListItem\",\"position\":2,\"name\":\"Shop\",\"item\":\"https:\\\/\\\/www.elektrolind.fi\\\/en\\\/shop\"},{\"@type\":\"ListItem\",\"position\":3,\"name\":\"Puhallin DRG-975\"}]},{\"@type\":\"WebSite\",\"@id\":\"https:\\\/\\\/www.elektrolind.fi\\\/#website\",\"url\":\"https:\\\/\\\/www.elektrolind.fi\\\/\",\"name\":\"Elektrolind Oy\",\"description\":\"Elektrolind Oy verkkokauppa\",\"publisher\":{\"@id\":\"https:\\\/\\\/www.elektrolind.fi\\\/#organization\"},\"potentialAction\":[{\"@type\":\"SearchAction\",\"target\":{\"@type\":\"EntryPoint\",\"urlTemplate\":\"https:\\\/\\\/www.elektrolind.fi\\\/?s={search_term_string}\"},\"query-input\":{\"@type\":\"PropertyValueSpecification\",\"valueRequired\":true,\"valueName\":\"search_term_string\"}}],\"inLanguage\":\"en-US\"},{\"@type\":\"Organization\",\"@id\":\"https:\\\/\\\/www.elektrolind.fi\\\/#organization\",\"name\":\"Elektrolind Oy\",\"url\":\"https:\\\/\\\/www.elektrolind.fi\\\/\",\"logo\":{\"@type\":\"ImageObject\",\"inLanguage\":\"en-US\",\"@id\":\"https:\\\/\\\/www.elektrolind.fi\\\/#\\\/schema\\\/logo\\\/image\\\/\",\"url\":\"https:\\\/\\\/www.elektrolind.fi\\\/wp-content\\\/uploads\\\/2024\\\/05\\\/cropped-elektrolind-logo-pieni.png\",\"contentUrl\":\"https:\\\/\\\/www.elektrolind.fi\\\/wp-content\\\/uploads\\\/2024\\\/05\\\/cropped-elektrolind-logo-pieni.png\",\"width\":500,\"height\":500,\"caption\":\"Elektrolind Oy\"},\"image\":{\"@id\":\"https:\\\/\\\/www.elektrolind.fi\\\/#\\\/schema\\\/logo\\\/image\\\/\"}}]}<\/script>\n<!-- \/ Yoast SEO plugin. -->","yoast_head_json":{"title":"Puhallin DRG-975 - Elektrolind Oy","robots":{"index":"index","follow":"follow","max-snippet":"max-snippet:-1","max-image-preview":"max-image-preview:large","max-video-preview":"max-video-preview:-1"},"canonical":"https:\/\/www.elektrolind.fi\/tuote\/drg-975","og_locale":"en_US","og_type":"article","og_title":"Puhallin DRG-975 - Elektrolind Oy","og_description":"Ilmavirtaus: 410 - 570 - 690 -\u00a01000 m3\/h Tehontarve: 68 - 108 - 150 - 270 W Koko: 350 x 140 x 168 mm","og_url":"https:\/\/www.elektrolind.fi\/tuote\/drg-975","og_site_name":"Elektrolind Oy","article_modified_time":"2019-04-12T07:13:41+00:00","og_image":[{"width":488,"height":288,"url":"https:\/\/www.elektrolind.fi\/wp-content\/uploads\/2019\/03\/131-602-0403-3.png","type":"image\/png"}],"twitter_card":"summary_large_image","schema":{"@context":"https:\/\/schema.org","@graph":[{"@type":"WebPage","@id":"https:\/\/www.elektrolind.fi\/tuote\/drg-975","url":"https:\/\/www.elektrolind.fi\/tuote\/drg-975","name":"Puhallin DRG-975 - Elektrolind Oy","isPartOf":{"@id":"https:\/\/www.elektrolind.fi\/#website"},"primaryImageOfPage":{"@id":"https:\/\/www.elektrolind.fi\/tuote\/drg-975#primaryimage"},"image":{"@id":"https:\/\/www.elektrolind.fi\/tuote\/drg-975#primaryimage"},"thumbnailUrl":"https:\/\/www.elektrolind.fi\/wp-content\/uploads\/2019\/03\/131-602-0403-3.png","datePublished":"2019-03-28T10:16:08+00:00","dateModified":"2019-04-12T07:13:41+00:00","breadcrumb":{"@id":"https:\/\/www.elektrolind.fi\/tuote\/drg-975#breadcrumb"},"inLanguage":"en-US","potentialAction":[{"@type":"ReadAction","target":["https:\/\/www.elektrolind.fi\/tuote\/drg-975"]}]},{"@type":"ImageObject","inLanguage":"en-US","@id":"https:\/\/www.elektrolind.fi\/tuote\/drg-975#primaryimage","url":"https:\/\/www.elektrolind.fi\/wp-content\/uploads\/2019\/03\/131-602-0403-3.png","contentUrl":"https:\/\/www.elektrolind.fi\/wp-content\/uploads\/2019\/03\/131-602-0403-3.png","width":488,"height":288},{"@type":"BreadcrumbList","@id":"https:\/\/www.elektrolind.fi\/tuote\/drg-975#breadcrumb","itemListElement":[{"@type":"ListItem","position":1,"name":"Home","item":"https:\/\/www.elektrolind.fi\/"},{"@type":"ListItem","position":2,"name":"Shop","item":"https:\/\/www.elektrolind.fi\/en\/shop"},{"@type":"ListItem","position":3,"name":"Puhallin DRG-975"}]},{"@type":"WebSite","@id":"https:\/\/www.elektrolind.fi\/#website","url":"https:\/\/www.elektrolind.fi\/","name":"Elektrolind Oy","description":"Elektrolind Oy verkkokauppa","publisher":{"@id":"https:\/\/www.elektrolind.fi\/#organization"},"potentialAction":[{"@type":"SearchAction","target":{"@type":"EntryPoint","urlTemplate":"https:\/\/www.elektrolind.fi\/?s={search_term_string}"},"query-input":{"@type":"PropertyValueSpecification","valueRequired":true,"valueName":"search_term_string"}}],"inLanguage":"en-US"},{"@type":"Organization","@id":"https:\/\/www.elektrolind.fi\/#organization","name":"Elektrolind Oy","url":"https:\/\/www.elektrolind.fi\/","logo":{"@type":"ImageObject","inLanguage":"en-US","@id":"https:\/\/www.elektrolind.fi\/#\/schema\/logo\/image\/","url":"https:\/\/www.elektrolind.fi\/wp-content\/uploads\/2024\/05\/cropped-elektrolind-logo-pieni.png","contentUrl":"https:\/\/www.elektrolind.fi\/wp-content\/uploads\/2024\/05\/cropped-elektrolind-logo-pieni.png","width":500,"height":500,"caption":"Elektrolind Oy"},"image":{"@id":"https:\/\/www.elektrolind.fi\/#\/schema\/logo\/image\/"}}]}},"_links":{"self":[{"href":"https:\/\/www.elektrolind.fi\/en\/wp-json\/wp\/v2\/product\/943","targetHints":{"allow":["GET"]}}],"collection":[{"href":"https:\/\/www.elektrolind.fi\/en\/wp-json\/wp\/v2\/product"}],"about":[{"href":"https:\/\/www.elektrolind.fi\/en\/wp-json\/wp\/v2\/types\/product"}],"wp:featuredmedia":[{"embeddable":true,"href":"https:\/\/www.elektrolind.fi\/en\/wp-json\/wp\/v2\/media\/944"}],"wp:attachment":[{"href":"https:\/\/www.elektrolind.fi\/en\/wp-json\/wp\/v2\/media?parent=943"}],"wp:term":[{"taxonomy":"product_brand","embeddable":true,"href":"https:\/\/www.elektrolind.fi\/en\/wp-json\/wp\/v2\/product_brand?post=943"},{"taxonomy":"product_cat","embeddable":true,"href":"https:\/\/www.elektrolind.fi\/en\/wp-json\/wp\/v2\/product_cat?post=943"},{"taxonomy":"product_tag","embeddable":true,"href":"https:\/\/www.elektrolind.fi\/en\/wp-json\/wp\/v2\/product_tag?post=943"}],"curies":[{"name":"wp","href":"https:\/\/api.w.org\/{rel}","templated":true}]}}