{"id":929,"date":"2019-03-28T09:57:34","date_gmt":"2019-03-28T09:57:34","guid":{"rendered":"https:\/\/www.elektrolind.fi\/?post_type=product&#038;p=929"},"modified":"2019-04-12T09:18:42","modified_gmt":"2019-04-12T07:18:42","slug":"puhallin-drg-370","status":"publish","type":"product","link":"https:\/\/www.elektrolind.fi\/en\/tuote\/puhallin-drg-370","title":{"rendered":"Puhallin DRG-370"},"content":{"rendered":"<p>Mallit:<\/p>\n<p>131-101-0064<\/p>\n<p>131-102-0064<\/p>\n<p>Jos ette l\u00f6yd\u00e4 etsim\u00e4\u00e4nne, ottakaa rohkeasti yhteytt\u00e4!<\/p>\n","protected":false},"excerpt":{"rendered":"<p>Tehokas<\/p>\n<p>Meluton<\/p>\n<p>Pitk\u00e4 elinkaari<\/p>\n<p>Ilmavirtaus: 215 &#8211;\u00a0290\u00a0 &#8211;\u00a0 380 m3\/h<br \/>\nTehontarve: 71 &#8211; 102\u00a0&#8211; 135 W<br \/>\nKoko: 246 x 101 x 113mm<\/p>\n","protected":false},"featured_media":930,"template":"","meta":{"_acf_changed":false},"product_brand":[],"product_cat":[20,71,110],"product_tag":[],"class_list":{"0":"post-929","1":"product","2":"type-product","3":"status-publish","4":"has-post-thumbnail","6":"product_cat-aurora-puhaltimet","7":"product_cat-kaikki-aurora-tuotteet","8":"product_cat-puhallin","10":"first","11":"instock","12":"shipping-taxable","13":"purchasable","14":"product-type-variable"},"acf":[],"yoast_head":"<!-- This site is optimized with the Yoast SEO plugin v27.5 - https:\/\/yoast.com\/product\/yoast-seo-wordpress\/ -->\n<title>Puhallin DRG-370 - Elektrolind Oy<\/title>\n<meta name=\"robots\" content=\"index, follow, max-snippet:-1, max-image-preview:large, max-video-preview:-1\" \/>\n<link rel=\"canonical\" href=\"https:\/\/www.elektrolind.fi\/en\/tuote\/puhallin-drg-370\" \/>\n<meta property=\"og:locale\" content=\"en_US\" \/>\n<meta property=\"og:type\" content=\"article\" \/>\n<meta property=\"og:title\" content=\"Puhallin DRG-370 - Elektrolind Oy\" \/>\n<meta property=\"og:description\" content=\"Tehokas  Meluton  Pitk\u00e4 elinkaari  Ilmavirtaus: 215 -\u00a0290\u00a0 -\u00a0 380 m3\/h Tehontarve: 71 - 102\u00a0- 135 W Koko: 246 x 101 x 113mm\" \/>\n<meta property=\"og:url\" content=\"https:\/\/www.elektrolind.fi\/en\/tuote\/puhallin-drg-370\" \/>\n<meta property=\"og:site_name\" content=\"Elektrolind Oy\" \/>\n<meta property=\"article:modified_time\" content=\"2019-04-12T07:18:42+00:00\" \/>\n<meta property=\"og:image\" content=\"https:\/\/www.elektrolind.fi\/wp-content\/uploads\/2019\/03\/131-602-0403.png\" \/>\n\t<meta property=\"og:image:width\" content=\"488\" \/>\n\t<meta property=\"og:image:height\" content=\"288\" \/>\n\t<meta property=\"og:image:type\" content=\"image\/png\" \/>\n<meta name=\"twitter:card\" content=\"summary_large_image\" \/>\n<script type=\"application\/ld+json\" class=\"yoast-schema-graph\">{\"@context\":\"https:\\\/\\\/schema.org\",\"@graph\":[{\"@type\":\"WebPage\",\"@id\":\"https:\\\/\\\/www.elektrolind.fi\\\/en\\\/tuote\\\/puhallin-drg-370\",\"url\":\"https:\\\/\\\/www.elektrolind.fi\\\/en\\\/tuote\\\/puhallin-drg-370\",\"name\":\"Puhallin DRG-370 - Elektrolind Oy\",\"isPartOf\":{\"@id\":\"https:\\\/\\\/www.elektrolind.fi\\\/#website\"},\"primaryImageOfPage\":{\"@id\":\"https:\\\/\\\/www.elektrolind.fi\\\/en\\\/tuote\\\/puhallin-drg-370#primaryimage\"},\"image\":{\"@id\":\"https:\\\/\\\/www.elektrolind.fi\\\/en\\\/tuote\\\/puhallin-drg-370#primaryimage\"},\"thumbnailUrl\":\"https:\\\/\\\/www.elektrolind.fi\\\/wp-content\\\/uploads\\\/2019\\\/03\\\/131-602-0403.png\",\"datePublished\":\"2019-03-28T09:57:34+00:00\",\"dateModified\":\"2019-04-12T07:18:42+00:00\",\"breadcrumb\":{\"@id\":\"https:\\\/\\\/www.elektrolind.fi\\\/en\\\/tuote\\\/puhallin-drg-370#breadcrumb\"},\"inLanguage\":\"en-US\",\"potentialAction\":[{\"@type\":\"ReadAction\",\"target\":[\"https:\\\/\\\/www.elektrolind.fi\\\/en\\\/tuote\\\/puhallin-drg-370\"]}]},{\"@type\":\"ImageObject\",\"inLanguage\":\"en-US\",\"@id\":\"https:\\\/\\\/www.elektrolind.fi\\\/en\\\/tuote\\\/puhallin-drg-370#primaryimage\",\"url\":\"https:\\\/\\\/www.elektrolind.fi\\\/wp-content\\\/uploads\\\/2019\\\/03\\\/131-602-0403.png\",\"contentUrl\":\"https:\\\/\\\/www.elektrolind.fi\\\/wp-content\\\/uploads\\\/2019\\\/03\\\/131-602-0403.png\",\"width\":488,\"height\":288},{\"@type\":\"BreadcrumbList\",\"@id\":\"https:\\\/\\\/www.elektrolind.fi\\\/en\\\/tuote\\\/puhallin-drg-370#breadcrumb\",\"itemListElement\":[{\"@type\":\"ListItem\",\"position\":1,\"name\":\"Home\",\"item\":\"https:\\\/\\\/www.elektrolind.fi\\\/\"},{\"@type\":\"ListItem\",\"position\":2,\"name\":\"Shop\",\"item\":\"https:\\\/\\\/www.elektrolind.fi\\\/en\\\/shop\"},{\"@type\":\"ListItem\",\"position\":3,\"name\":\"Puhallin DRG-370\"}]},{\"@type\":\"WebSite\",\"@id\":\"https:\\\/\\\/www.elektrolind.fi\\\/#website\",\"url\":\"https:\\\/\\\/www.elektrolind.fi\\\/\",\"name\":\"Elektrolind Oy\",\"description\":\"Elektrolind Oy verkkokauppa\",\"publisher\":{\"@id\":\"https:\\\/\\\/www.elektrolind.fi\\\/#organization\"},\"potentialAction\":[{\"@type\":\"SearchAction\",\"target\":{\"@type\":\"EntryPoint\",\"urlTemplate\":\"https:\\\/\\\/www.elektrolind.fi\\\/?s={search_term_string}\"},\"query-input\":{\"@type\":\"PropertyValueSpecification\",\"valueRequired\":true,\"valueName\":\"search_term_string\"}}],\"inLanguage\":\"en-US\"},{\"@type\":\"Organization\",\"@id\":\"https:\\\/\\\/www.elektrolind.fi\\\/#organization\",\"name\":\"Elektrolind Oy\",\"url\":\"https:\\\/\\\/www.elektrolind.fi\\\/\",\"logo\":{\"@type\":\"ImageObject\",\"inLanguage\":\"en-US\",\"@id\":\"https:\\\/\\\/www.elektrolind.fi\\\/#\\\/schema\\\/logo\\\/image\\\/\",\"url\":\"https:\\\/\\\/www.elektrolind.fi\\\/wp-content\\\/uploads\\\/2024\\\/05\\\/cropped-elektrolind-logo-pieni.png\",\"contentUrl\":\"https:\\\/\\\/www.elektrolind.fi\\\/wp-content\\\/uploads\\\/2024\\\/05\\\/cropped-elektrolind-logo-pieni.png\",\"width\":500,\"height\":500,\"caption\":\"Elektrolind Oy\"},\"image\":{\"@id\":\"https:\\\/\\\/www.elektrolind.fi\\\/#\\\/schema\\\/logo\\\/image\\\/\"}}]}<\/script>\n<!-- \/ Yoast SEO plugin. -->","yoast_head_json":{"title":"Puhallin DRG-370 - Elektrolind Oy","robots":{"index":"index","follow":"follow","max-snippet":"max-snippet:-1","max-image-preview":"max-image-preview:large","max-video-preview":"max-video-preview:-1"},"canonical":"https:\/\/www.elektrolind.fi\/en\/tuote\/puhallin-drg-370","og_locale":"en_US","og_type":"article","og_title":"Puhallin DRG-370 - Elektrolind Oy","og_description":"Tehokas  Meluton  Pitk\u00e4 elinkaari  Ilmavirtaus: 215 -\u00a0290\u00a0 -\u00a0 380 m3\/h Tehontarve: 71 - 102\u00a0- 135 W Koko: 246 x 101 x 113mm","og_url":"https:\/\/www.elektrolind.fi\/en\/tuote\/puhallin-drg-370","og_site_name":"Elektrolind Oy","article_modified_time":"2019-04-12T07:18:42+00:00","og_image":[{"width":488,"height":288,"url":"https:\/\/www.elektrolind.fi\/wp-content\/uploads\/2019\/03\/131-602-0403.png","type":"image\/png"}],"twitter_card":"summary_large_image","schema":{"@context":"https:\/\/schema.org","@graph":[{"@type":"WebPage","@id":"https:\/\/www.elektrolind.fi\/en\/tuote\/puhallin-drg-370","url":"https:\/\/www.elektrolind.fi\/en\/tuote\/puhallin-drg-370","name":"Puhallin DRG-370 - Elektrolind Oy","isPartOf":{"@id":"https:\/\/www.elektrolind.fi\/#website"},"primaryImageOfPage":{"@id":"https:\/\/www.elektrolind.fi\/en\/tuote\/puhallin-drg-370#primaryimage"},"image":{"@id":"https:\/\/www.elektrolind.fi\/en\/tuote\/puhallin-drg-370#primaryimage"},"thumbnailUrl":"https:\/\/www.elektrolind.fi\/wp-content\/uploads\/2019\/03\/131-602-0403.png","datePublished":"2019-03-28T09:57:34+00:00","dateModified":"2019-04-12T07:18:42+00:00","breadcrumb":{"@id":"https:\/\/www.elektrolind.fi\/en\/tuote\/puhallin-drg-370#breadcrumb"},"inLanguage":"en-US","potentialAction":[{"@type":"ReadAction","target":["https:\/\/www.elektrolind.fi\/en\/tuote\/puhallin-drg-370"]}]},{"@type":"ImageObject","inLanguage":"en-US","@id":"https:\/\/www.elektrolind.fi\/en\/tuote\/puhallin-drg-370#primaryimage","url":"https:\/\/www.elektrolind.fi\/wp-content\/uploads\/2019\/03\/131-602-0403.png","contentUrl":"https:\/\/www.elektrolind.fi\/wp-content\/uploads\/2019\/03\/131-602-0403.png","width":488,"height":288},{"@type":"BreadcrumbList","@id":"https:\/\/www.elektrolind.fi\/en\/tuote\/puhallin-drg-370#breadcrumb","itemListElement":[{"@type":"ListItem","position":1,"name":"Home","item":"https:\/\/www.elektrolind.fi\/"},{"@type":"ListItem","position":2,"name":"Shop","item":"https:\/\/www.elektrolind.fi\/en\/shop"},{"@type":"ListItem","position":3,"name":"Puhallin DRG-370"}]},{"@type":"WebSite","@id":"https:\/\/www.elektrolind.fi\/#website","url":"https:\/\/www.elektrolind.fi\/","name":"Elektrolind Oy","description":"Elektrolind Oy verkkokauppa","publisher":{"@id":"https:\/\/www.elektrolind.fi\/#organization"},"potentialAction":[{"@type":"SearchAction","target":{"@type":"EntryPoint","urlTemplate":"https:\/\/www.elektrolind.fi\/?s={search_term_string}"},"query-input":{"@type":"PropertyValueSpecification","valueRequired":true,"valueName":"search_term_string"}}],"inLanguage":"en-US"},{"@type":"Organization","@id":"https:\/\/www.elektrolind.fi\/#organization","name":"Elektrolind Oy","url":"https:\/\/www.elektrolind.fi\/","logo":{"@type":"ImageObject","inLanguage":"en-US","@id":"https:\/\/www.elektrolind.fi\/#\/schema\/logo\/image\/","url":"https:\/\/www.elektrolind.fi\/wp-content\/uploads\/2024\/05\/cropped-elektrolind-logo-pieni.png","contentUrl":"https:\/\/www.elektrolind.fi\/wp-content\/uploads\/2024\/05\/cropped-elektrolind-logo-pieni.png","width":500,"height":500,"caption":"Elektrolind Oy"},"image":{"@id":"https:\/\/www.elektrolind.fi\/#\/schema\/logo\/image\/"}}]}},"_links":{"self":[{"href":"https:\/\/www.elektrolind.fi\/en\/wp-json\/wp\/v2\/product\/929","targetHints":{"allow":["GET"]}}],"collection":[{"href":"https:\/\/www.elektrolind.fi\/en\/wp-json\/wp\/v2\/product"}],"about":[{"href":"https:\/\/www.elektrolind.fi\/en\/wp-json\/wp\/v2\/types\/product"}],"wp:featuredmedia":[{"embeddable":true,"href":"https:\/\/www.elektrolind.fi\/en\/wp-json\/wp\/v2\/media\/930"}],"wp:attachment":[{"href":"https:\/\/www.elektrolind.fi\/en\/wp-json\/wp\/v2\/media?parent=929"}],"wp:term":[{"taxonomy":"product_brand","embeddable":true,"href":"https:\/\/www.elektrolind.fi\/en\/wp-json\/wp\/v2\/product_brand?post=929"},{"taxonomy":"product_cat","embeddable":true,"href":"https:\/\/www.elektrolind.fi\/en\/wp-json\/wp\/v2\/product_cat?post=929"},{"taxonomy":"product_tag","embeddable":true,"href":"https:\/\/www.elektrolind.fi\/en\/wp-json\/wp\/v2\/product_tag?post=929"}],"curies":[{"name":"wp","href":"https:\/\/api.w.org\/{rel}","templated":true}]}}