{"id":4697,"date":"2025-12-09T11:14:17","date_gmt":"2025-12-09T09:14:17","guid":{"rendered":"https:\/\/www.elektrolind.fi\/?post_type=product&#038;p=4697"},"modified":"2026-02-23T09:00:27","modified_gmt":"2026-02-23T07:00:27","slug":"ebu10-t","status":"publish","type":"product","link":"https:\/\/www.elektrolind.fi\/en\/tuote\/ebu10-t","title":{"rendered":"EBU10-T johdonsuojakatkaisija (UPS j\u00e4rjestelmille)"},"content":{"rendered":"<p><strong>E-T-A:n EBU10-T (Electronic Breaker Unit)<\/strong> tarjoaa \u00e4lykk\u00e4\u00e4n ja selektiivisen suojauksen UPS-j\u00e4rjestelmille. Hybridirakenne yhdist\u00e4\u00e4 perinteisen johdonsuojakatkaisijan ja elektronisen ohjausyksik\u00f6n, mik\u00e4 takaa luotettavan virransy\u00f6t\u00f6n ja katkaisee vain viallisen piirin. Helposti asennettava ja s\u00e4\u00e4dett\u00e4v\u00e4 EBU10-T sopii vaativiin teollisuussovelluksiin, joissa turvallisuus ja k\u00e4ytt\u00f6varmuus ovat ensisijaisia. UPS-j\u00e4rjestelm\u00e4\u00e4 ei tarvitse ylimitoittaa oikosulkuvirran aikaansaamiseksi, jotta johdonsuojakatkaisija toimii, vaan UPS voi olla jopa 30 % pienempi.<\/p>\n<h2>Yksityiskohtainen yhteenveto<\/h2>\n<h3>Tuotteen ydin<\/h3>\n<ul>\n<li><strong>EBU10-T<\/strong> on hybridi, jossa yhdistyv\u00e4t MCB (Miniature Circuit Breaker) ja elektroninen ohjauspiiri.<\/li>\n<li>Suunniteltu <strong>UPS-sovelluksiin<\/strong>, joissa tarvitaan vakaata ja turvallista virransy\u00f6tt\u00f6\u00e4.<\/li>\n<li>Elektroninen osa vastaa mittauksesta ja arvioinnista, mik\u00e4 parantaa suojauksen tarkkuutta.<\/li>\n<\/ul>\n<h3>Teknologiset edut<\/h3>\n<ul>\n<li><strong>Selektiivinen suojaus<\/strong>: katkaisee vain viallisen piirin, ei koko j\u00e4rjestelm\u00e4\u00e4.<\/li>\n<li><strong>S\u00e4\u00e4dett\u00e4v\u00e4 virta-asetus<\/strong>: voidaan mukauttaa UPS:n ja kuorman tarpeisiin.<\/li>\n<li><strong>LED-indikaattori<\/strong>: n\u00e4ytt\u00e4\u00e4 laitteen tilan (vihre\u00e4\/oranssi\/punainen).<\/li>\n<li><strong>Helppo asennus<\/strong>: DIN-kiskokiinnitys ja selke\u00e4 liitintekniikka.<\/li>\n<\/ul>\n<h3>Sovelluskohteet<\/h3>\n<ul>\n<li><strong>Ter\u00e4steollisuus<\/strong><\/li>\n<li><strong>Automaatio<\/strong><\/li>\n<li><strong>Kemian-, \u00f6ljy- ja kaasuteollisuus<\/strong><\/li>\n<li><strong>Kiinteist\u00f6jen varmennetut sy\u00f6t\u00f6t<\/strong><\/li>\n<\/ul>\n<h3>Hy\u00f6dyt asiakkaille<\/h3>\n<ul>\n<li><strong>Luotettava virransuojaus<\/strong> kriittisiss\u00e4 UPS-j\u00e4rjestelmiss\u00e4.<\/li>\n<li><strong>V\u00e4hent\u00e4\u00e4 seisokkeja<\/strong> ja parantaa k\u00e4ytt\u00f6varmuutta.<\/li>\n<li><strong>Kansainv\u00e4liset hyv\u00e4ksynn\u00e4t ja sertifikaatit<\/strong>, mik\u00e4 helpottaa k\u00e4ytt\u00f6\u00e4 eri markkinoilla.<\/li>\n<\/ul>\n","protected":false},"excerpt":{"rendered":"<p>Lue lis\u00e4\u00e4: <a href=\"https:\/\/global.e-t-a.com\/products\/electronic_overcurrent_protection\/electronic_overcurrent_protection_ac\/p\/ebu10_t\/\">Electronic Overcurrent Protection AC | E-T-A<\/a> (Huom: sivusto on englanninkielinen)<\/p>\n<p>&nbsp;<\/p>\n","protected":false},"featured_media":4698,"template":"","meta":{"_acf_changed":false},"product_brand":[],"product_cat":[34,82],"product_tag":[244,243,246,245],"class_list":{"0":"post-4697","1":"product","2":"type-product","3":"status-publish","4":"has-post-thumbnail","6":"product_cat-e-t-a","7":"product_cat-kaikki-e-t-a-tuotteet","8":"product_tag-ups-johdonsuoja","9":"product_tag-ups-johdonsuojakatkaisija","10":"product_tag-ups-sulake","11":"product_tag-ups-ylivirtasuoja","13":"first","14":"instock","15":"featured","16":"shipping-taxable","17":"product-type-simple"},"acf":[],"yoast_head":"<!-- This site is optimized with the Yoast SEO plugin v27.4 - https:\/\/yoast.com\/product\/yoast-seo-wordpress\/ -->\n<title>EBU10-T johdonsuojakatkaisija (UPS j\u00e4rjestelmille) - Elektrolind Oy<\/title>\n<meta name=\"description\" content=\"EBU10\u2011T on \u00e4lyk\u00e4s johdonsuojakatkaisija, joka parantaa UPS\u2011j\u00e4rjestelmien turvallisuutta ja v\u00e4hent\u00e4\u00e4 seisokkeja vaativissa teollisuuskohteissa.\" \/>\n<meta name=\"robots\" content=\"index, follow, max-snippet:-1, max-image-preview:large, max-video-preview:-1\" \/>\n<link rel=\"canonical\" href=\"https:\/\/www.elektrolind.fi\/tuote\/ebu10-t\" \/>\n<meta property=\"og:locale\" content=\"en_US\" \/>\n<meta property=\"og:type\" content=\"article\" \/>\n<meta property=\"og:title\" content=\"EBU10-T johdonsuojakatkaisija (UPS j\u00e4rjestelmille) - Elektrolind Oy\" \/>\n<meta property=\"og:description\" content=\"EBU10\u2011T on \u00e4lyk\u00e4s johdonsuojakatkaisija, joka parantaa UPS\u2011j\u00e4rjestelmien turvallisuutta ja v\u00e4hent\u00e4\u00e4 seisokkeja vaativissa teollisuuskohteissa.\" \/>\n<meta property=\"og:url\" content=\"https:\/\/www.elektrolind.fi\/tuote\/ebu10-t\" \/>\n<meta property=\"og:site_name\" content=\"Elektrolind Oy\" \/>\n<meta property=\"article:modified_time\" content=\"2026-02-23T07:00:27+00:00\" \/>\n<meta property=\"og:image\" content=\"https:\/\/www.elektrolind.fi\/wp-content\/uploads\/2025\/12\/csm_EBU10_ed8f314137.png\" \/>\n\t<meta property=\"og:image:width\" content=\"800\" \/>\n\t<meta property=\"og:image:height\" content=\"800\" \/>\n\t<meta property=\"og:image:type\" content=\"image\/png\" \/>\n<meta name=\"twitter:card\" content=\"summary_large_image\" \/>\n<meta name=\"twitter:label1\" content=\"Est. reading time\" \/>\n\t<meta name=\"twitter:data1\" content=\"2 minutes\" \/>\n<script type=\"application\/ld+json\" class=\"yoast-schema-graph\">{\"@context\":\"https:\\\/\\\/schema.org\",\"@graph\":[{\"@type\":\"WebPage\",\"@id\":\"https:\\\/\\\/www.elektrolind.fi\\\/tuote\\\/ebu10-t\",\"url\":\"https:\\\/\\\/www.elektrolind.fi\\\/tuote\\\/ebu10-t\",\"name\":\"EBU10-T johdonsuojakatkaisija (UPS j\u00e4rjestelmille) - Elektrolind Oy\",\"isPartOf\":{\"@id\":\"https:\\\/\\\/www.elektrolind.fi\\\/#website\"},\"primaryImageOfPage\":{\"@id\":\"https:\\\/\\\/www.elektrolind.fi\\\/tuote\\\/ebu10-t#primaryimage\"},\"image\":{\"@id\":\"https:\\\/\\\/www.elektrolind.fi\\\/tuote\\\/ebu10-t#primaryimage\"},\"thumbnailUrl\":\"https:\\\/\\\/www.elektrolind.fi\\\/wp-content\\\/uploads\\\/2025\\\/12\\\/csm_EBU10_ed8f314137.png\",\"datePublished\":\"2025-12-09T09:14:17+00:00\",\"dateModified\":\"2026-02-23T07:00:27+00:00\",\"description\":\"EBU10\u2011T on \u00e4lyk\u00e4s johdonsuojakatkaisija, joka parantaa UPS\u2011j\u00e4rjestelmien turvallisuutta ja v\u00e4hent\u00e4\u00e4 seisokkeja vaativissa teollisuuskohteissa.\",\"breadcrumb\":{\"@id\":\"https:\\\/\\\/www.elektrolind.fi\\\/tuote\\\/ebu10-t#breadcrumb\"},\"inLanguage\":\"en-US\",\"potentialAction\":[{\"@type\":\"ReadAction\",\"target\":[\"https:\\\/\\\/www.elektrolind.fi\\\/tuote\\\/ebu10-t\"]}]},{\"@type\":\"ImageObject\",\"inLanguage\":\"en-US\",\"@id\":\"https:\\\/\\\/www.elektrolind.fi\\\/tuote\\\/ebu10-t#primaryimage\",\"url\":\"https:\\\/\\\/www.elektrolind.fi\\\/wp-content\\\/uploads\\\/2025\\\/12\\\/csm_EBU10_ed8f314137.png\",\"contentUrl\":\"https:\\\/\\\/www.elektrolind.fi\\\/wp-content\\\/uploads\\\/2025\\\/12\\\/csm_EBU10_ed8f314137.png\",\"width\":800,\"height\":800},{\"@type\":\"BreadcrumbList\",\"@id\":\"https:\\\/\\\/www.elektrolind.fi\\\/tuote\\\/ebu10-t#breadcrumb\",\"itemListElement\":[{\"@type\":\"ListItem\",\"position\":1,\"name\":\"Home\",\"item\":\"https:\\\/\\\/www.elektrolind.fi\\\/\"},{\"@type\":\"ListItem\",\"position\":2,\"name\":\"Shop\",\"item\":\"https:\\\/\\\/www.elektrolind.fi\\\/en\\\/shop\"},{\"@type\":\"ListItem\",\"position\":3,\"name\":\"EBU10-T johdonsuojakatkaisija (UPS j\u00e4rjestelmille)\"}]},{\"@type\":\"WebSite\",\"@id\":\"https:\\\/\\\/www.elektrolind.fi\\\/#website\",\"url\":\"https:\\\/\\\/www.elektrolind.fi\\\/\",\"name\":\"Elektrolind Oy\",\"description\":\"Elektrolind Oy verkkokauppa\",\"publisher\":{\"@id\":\"https:\\\/\\\/www.elektrolind.fi\\\/#organization\"},\"potentialAction\":[{\"@type\":\"SearchAction\",\"target\":{\"@type\":\"EntryPoint\",\"urlTemplate\":\"https:\\\/\\\/www.elektrolind.fi\\\/?s={search_term_string}\"},\"query-input\":{\"@type\":\"PropertyValueSpecification\",\"valueRequired\":true,\"valueName\":\"search_term_string\"}}],\"inLanguage\":\"en-US\"},{\"@type\":\"Organization\",\"@id\":\"https:\\\/\\\/www.elektrolind.fi\\\/#organization\",\"name\":\"Elektrolind Oy\",\"url\":\"https:\\\/\\\/www.elektrolind.fi\\\/\",\"logo\":{\"@type\":\"ImageObject\",\"inLanguage\":\"en-US\",\"@id\":\"https:\\\/\\\/www.elektrolind.fi\\\/#\\\/schema\\\/logo\\\/image\\\/\",\"url\":\"https:\\\/\\\/www.elektrolind.fi\\\/wp-content\\\/uploads\\\/2024\\\/05\\\/cropped-elektrolind-logo-pieni.png\",\"contentUrl\":\"https:\\\/\\\/www.elektrolind.fi\\\/wp-content\\\/uploads\\\/2024\\\/05\\\/cropped-elektrolind-logo-pieni.png\",\"width\":500,\"height\":500,\"caption\":\"Elektrolind Oy\"},\"image\":{\"@id\":\"https:\\\/\\\/www.elektrolind.fi\\\/#\\\/schema\\\/logo\\\/image\\\/\"}}]}<\/script>\n<!-- \/ Yoast SEO plugin. -->","yoast_head_json":{"title":"EBU10-T johdonsuojakatkaisija (UPS j\u00e4rjestelmille) - Elektrolind Oy","description":"EBU10\u2011T on \u00e4lyk\u00e4s johdonsuojakatkaisija, joka parantaa UPS\u2011j\u00e4rjestelmien turvallisuutta ja v\u00e4hent\u00e4\u00e4 seisokkeja vaativissa teollisuuskohteissa.","robots":{"index":"index","follow":"follow","max-snippet":"max-snippet:-1","max-image-preview":"max-image-preview:large","max-video-preview":"max-video-preview:-1"},"canonical":"https:\/\/www.elektrolind.fi\/tuote\/ebu10-t","og_locale":"en_US","og_type":"article","og_title":"EBU10-T johdonsuojakatkaisija (UPS j\u00e4rjestelmille) - Elektrolind Oy","og_description":"EBU10\u2011T on \u00e4lyk\u00e4s johdonsuojakatkaisija, joka parantaa UPS\u2011j\u00e4rjestelmien turvallisuutta ja v\u00e4hent\u00e4\u00e4 seisokkeja vaativissa teollisuuskohteissa.","og_url":"https:\/\/www.elektrolind.fi\/tuote\/ebu10-t","og_site_name":"Elektrolind Oy","article_modified_time":"2026-02-23T07:00:27+00:00","og_image":[{"width":800,"height":800,"url":"https:\/\/www.elektrolind.fi\/wp-content\/uploads\/2025\/12\/csm_EBU10_ed8f314137.png","type":"image\/png"}],"twitter_card":"summary_large_image","twitter_misc":{"Est. reading time":"2 minutes"},"schema":{"@context":"https:\/\/schema.org","@graph":[{"@type":"WebPage","@id":"https:\/\/www.elektrolind.fi\/tuote\/ebu10-t","url":"https:\/\/www.elektrolind.fi\/tuote\/ebu10-t","name":"EBU10-T johdonsuojakatkaisija (UPS j\u00e4rjestelmille) - Elektrolind Oy","isPartOf":{"@id":"https:\/\/www.elektrolind.fi\/#website"},"primaryImageOfPage":{"@id":"https:\/\/www.elektrolind.fi\/tuote\/ebu10-t#primaryimage"},"image":{"@id":"https:\/\/www.elektrolind.fi\/tuote\/ebu10-t#primaryimage"},"thumbnailUrl":"https:\/\/www.elektrolind.fi\/wp-content\/uploads\/2025\/12\/csm_EBU10_ed8f314137.png","datePublished":"2025-12-09T09:14:17+00:00","dateModified":"2026-02-23T07:00:27+00:00","description":"EBU10\u2011T on \u00e4lyk\u00e4s johdonsuojakatkaisija, joka parantaa UPS\u2011j\u00e4rjestelmien turvallisuutta ja v\u00e4hent\u00e4\u00e4 seisokkeja vaativissa teollisuuskohteissa.","breadcrumb":{"@id":"https:\/\/www.elektrolind.fi\/tuote\/ebu10-t#breadcrumb"},"inLanguage":"en-US","potentialAction":[{"@type":"ReadAction","target":["https:\/\/www.elektrolind.fi\/tuote\/ebu10-t"]}]},{"@type":"ImageObject","inLanguage":"en-US","@id":"https:\/\/www.elektrolind.fi\/tuote\/ebu10-t#primaryimage","url":"https:\/\/www.elektrolind.fi\/wp-content\/uploads\/2025\/12\/csm_EBU10_ed8f314137.png","contentUrl":"https:\/\/www.elektrolind.fi\/wp-content\/uploads\/2025\/12\/csm_EBU10_ed8f314137.png","width":800,"height":800},{"@type":"BreadcrumbList","@id":"https:\/\/www.elektrolind.fi\/tuote\/ebu10-t#breadcrumb","itemListElement":[{"@type":"ListItem","position":1,"name":"Home","item":"https:\/\/www.elektrolind.fi\/"},{"@type":"ListItem","position":2,"name":"Shop","item":"https:\/\/www.elektrolind.fi\/en\/shop"},{"@type":"ListItem","position":3,"name":"EBU10-T johdonsuojakatkaisija (UPS j\u00e4rjestelmille)"}]},{"@type":"WebSite","@id":"https:\/\/www.elektrolind.fi\/#website","url":"https:\/\/www.elektrolind.fi\/","name":"Elektrolind Oy","description":"Elektrolind Oy verkkokauppa","publisher":{"@id":"https:\/\/www.elektrolind.fi\/#organization"},"potentialAction":[{"@type":"SearchAction","target":{"@type":"EntryPoint","urlTemplate":"https:\/\/www.elektrolind.fi\/?s={search_term_string}"},"query-input":{"@type":"PropertyValueSpecification","valueRequired":true,"valueName":"search_term_string"}}],"inLanguage":"en-US"},{"@type":"Organization","@id":"https:\/\/www.elektrolind.fi\/#organization","name":"Elektrolind Oy","url":"https:\/\/www.elektrolind.fi\/","logo":{"@type":"ImageObject","inLanguage":"en-US","@id":"https:\/\/www.elektrolind.fi\/#\/schema\/logo\/image\/","url":"https:\/\/www.elektrolind.fi\/wp-content\/uploads\/2024\/05\/cropped-elektrolind-logo-pieni.png","contentUrl":"https:\/\/www.elektrolind.fi\/wp-content\/uploads\/2024\/05\/cropped-elektrolind-logo-pieni.png","width":500,"height":500,"caption":"Elektrolind Oy"},"image":{"@id":"https:\/\/www.elektrolind.fi\/#\/schema\/logo\/image\/"}}]}},"_links":{"self":[{"href":"https:\/\/www.elektrolind.fi\/en\/wp-json\/wp\/v2\/product\/4697","targetHints":{"allow":["GET"]}}],"collection":[{"href":"https:\/\/www.elektrolind.fi\/en\/wp-json\/wp\/v2\/product"}],"about":[{"href":"https:\/\/www.elektrolind.fi\/en\/wp-json\/wp\/v2\/types\/product"}],"wp:featuredmedia":[{"embeddable":true,"href":"https:\/\/www.elektrolind.fi\/en\/wp-json\/wp\/v2\/media\/4698"}],"wp:attachment":[{"href":"https:\/\/www.elektrolind.fi\/en\/wp-json\/wp\/v2\/media?parent=4697"}],"wp:term":[{"taxonomy":"product_brand","embeddable":true,"href":"https:\/\/www.elektrolind.fi\/en\/wp-json\/wp\/v2\/product_brand?post=4697"},{"taxonomy":"product_cat","embeddable":true,"href":"https:\/\/www.elektrolind.fi\/en\/wp-json\/wp\/v2\/product_cat?post=4697"},{"taxonomy":"product_tag","embeddable":true,"href":"https:\/\/www.elektrolind.fi\/en\/wp-json\/wp\/v2\/product_tag?post=4697"}],"curies":[{"name":"wp","href":"https:\/\/api.w.org\/{rel}","templated":true}]}}