{"id":4426,"date":"2025-05-28T08:01:53","date_gmt":"2025-05-28T06:01:53","guid":{"rendered":"https:\/\/www.elektrolind.fi\/?post_type=product&#038;p=4426"},"modified":"2026-01-28T10:55:50","modified_gmt":"2026-01-28T08:55:50","slug":"6dof-inklinometri","status":"publish","type":"product","link":"https:\/\/www.elektrolind.fi\/en\/tuote\/6dof-inklinometri","title":{"rendered":"6DoF inklinometri"},"content":{"rendered":"<p>Kuusi vapausastetta (6DoF, <em>six degrees of freedom<\/em>) kuvaa j\u00e4yk\u00e4n kappaleen vapaata liikkumista kolmiulotteisessa avaruudessa:<\/p>\n<p><strong>Kallistus \u2013 Kiihtyvyys \u2013 Gyroskooppi \u2013 Kierto \u2013 Siirtym\u00e4 \u2013 Kulma<\/strong><\/p>\n<p>Mittaukset liikkuvissa ty\u00f6koneissa vaativat kest\u00e4vi\u00e4 ja tarkkoja teknologioita, jotta j\u00e4rjestelmien liike avoimessa ja vaativassa ymp\u00e4rist\u00f6ss\u00e4 voidaan havaita luotettavasti my\u00f6s haastavassa ymp\u00e4rist\u00f6ss\u00e4. 6DoF-anturit hy\u00f6dynt\u00e4v\u00e4t useita fysikaalisia perusperiaatteita yhdist\u00e4en eri anturitoiminnot yhteen anturisiruun.<\/p>\n<p>MEMS-anturien avulla sijainti- ja kulma-arvot siirret\u00e4\u00e4n anturin taustaprosessointiyksikk\u00f6\u00f6n.<br \/>\nPULSOTRONICin 6DoF-anturit havaitsevat kiihtyvyyksi\u00e4 jopa 32g asti ja kulmanopeuksia \u00b12000 dps:\u00e4\u00e4n saakka. Sis\u00e4inen l\u00e4mp\u00f6tila-anturi mahdollistaa j\u00e4rjestelm\u00e4n stabiloinnin l\u00e4mp\u00f6tila-alueella\u00a0 \u00a0-40 \u00b0C \u2026 +85 \u00b0C.<\/p>\n<p>T\u00e4rkeimpi\u00e4 etuja anturityypin k\u00e4yt\u00f6ss\u00e4 liikkuvissa koneissa ovat:<\/p>\n<ul>\n<li>Suodatettu anturidata (Alip\u00e4\u00e4st\u00f6suodatin, kaistanp\u00e4\u00e4st\u00f6suodatin ja Kalmansuodatin)<\/li>\n<li>Kompensoitu ristiherkkyys<\/li>\n<li>Korkea t\u00e4rin\u00e4nkesto, joka saavutetaan anturidatan yhdist\u00e4miseen perustuvilla algoritmeilla (sensor fusion) IEC EN 60068-2-27<\/li>\n<li>Suolavesitestattu IEC EN 600068-2-64<\/li>\n<li>EMC testattu; maansiirto ja rakennusty\u00f6maakoneet, maatalous- ja mets\u00e4ty\u00f6koneet,teolliset trukit ja UN ECE R10 automotive<\/li>\n<\/ul>\n<p>Mittausalueita voidaan s\u00e4\u00e4t\u00e4\u00e4 sovelluskohtaisesti suoraan laiteohjelmistossa. Viestint\u00e4\u00e4n on tarjolla useita vaihtoehtoja, kuten CANopen, SPI ja IO-Link. My\u00f6s SPE-liit\u00e4nt\u00e4 on tulossa saataville. Turvallisuuskriittisi\u00e4 sovelluksia IO-Link Safety -rajapinnalla voidaan toteuttaa l\u00e4hitulevaisuudessa.<\/p>\n<p>6DoF-antureiden suorituskyky on ihanteellinen k\u00e4ytett\u00e4v\u00e4ksi esimerkiksi maatalouskoneissa, trukeissa, rakennuskoneissa sek\u00e4 tuulivoimaloissa, aurinkos\u00e4hk\u00f6j\u00e4rjestelmiss\u00e4, robotiikassa tai osana kalustonhallintaj\u00e4rjestelmi\u00e4.<\/p>\n<p><a href=\"https:\/\/www.elektrolind.fi\/tuote-osasto\/pulsotronic\">Pulsotronic<\/a>maiseen tapaan tuotteen voi modifioida projektikohtaisesti esimerkiksi tarkkuuden ja mittausalueen suhteen.<\/p>\n<p><a href=\"https:\/\/www.pulsotronic.de\/images\/download_documents\/6DoF_Flyer_en_250227.pdf\">Lue lis\u00e4\u00e4 (ENG)<\/a><\/p>\n","protected":false},"excerpt":{"rendered":"<ul>\n<li>Suodatettu anturidata (Alip\u00e4\u00e4st\u00f6suodatin, kaistanp\u00e4\u00e4st\u00f6suodatin ja Kalmansuodatin)<\/li>\n<li>Kompensoitu ristiherkkyys<\/li>\n<li>Korkea t\u00e4rin\u00e4nkesto, joka saavutetaan anturidatan yhdist\u00e4miseen perustuvilla algoritmeilla (sensor fusion) IEC EN 60068-2-27<\/li>\n<li>Suolavesitestattu IEC EN 600068-2-64<\/li>\n<li>EMC testattu; maansiirto ja rakennusty\u00f6maakoneet, maatalous- ja mets\u00e4ty\u00f6koneet,teolliset trukit ja UN ECE R10 automotive<\/li>\n<\/ul>\n","protected":false},"featured_media":4801,"template":"","meta":{"_acf_changed":false},"product_brand":[],"product_cat":[231],"product_tag":[230,194,208,191,190,206,188,198,229,187,226,192,224,225,199,209,189,227,207,212,211,205,204,186,216,214,228,203,196,197,217,210,218,220,219,193,215,195,202,221,222,201,200,223,213],"class_list":{"0":"post-4426","1":"product","2":"type-product","3":"status-publish","4":"has-post-thumbnail","6":"product_cat-induktiiviset-anturit","7":"product_tag-360-astetta","8":"product_tag-3dtutka","9":"product_tag-6dof","10":"product_tag-ajoneuvoanturi","11":"product_tag-ajoneuvoanturit","12":"product_tag-akustinen-anturi","13":"product_tag-anturi","14":"product_tag-etaisyysmittaus","15":"product_tag-hall-anturi","16":"product_tag-induktiivinen","17":"product_tag-induktiivinen-etaisyysmittaus","18":"product_tag-inklinaatioanturi","19":"product_tag-jyvien-laskenta","20":"product_tag-jyvien-laskenta-anturi","21":"product_tag-kallistuskulma-anturi","22":"product_tag-kalman-suodatin","23":"product_tag-kapasitiivinen-anturi","24":"product_tag-kierroslukumittaus","25":"product_tag-kiihtyvyysanturi","26":"product_tag-kuljettajan-lasnaoloanturi","27":"product_tag-kulma-anturi","28":"product_tag-kunnonvalvonta","29":"product_tag-kuolleenmiehen-kytkin","30":"product_tag-lasnaolokytkin","31":"product_tag-liikkuvat-tyokoneet","32":"product_tag-maatalousanturit","33":"product_tag-magnetoresistiivinen-mittaus","34":"product_tag-metal-detection","35":"product_tag-metallinilmaisin","36":"product_tag-metallinpaljastin","37":"product_tag-mobile-working-machine","38":"product_tag-nopeusanturi","39":"product_tag-painon-mittaus","40":"product_tag-salama-anturi","41":"product_tag-taipumamittaus","42":"product_tag-tutka","43":"product_tag-tyokone-anturi","44":"product_tag-ultraaanianturi","45":"product_tag-venymaliuska-anturi","46":"product_tag-viljan-laskenta","47":"product_tag-viljan-mittausanturi","48":"product_tag-virranmittaus","49":"product_tag-virranmittausanturi","50":"product_tag-virtausanturi","51":"product_tag-virtausmittaus","53":"first","54":"instock","55":"featured","56":"shipping-taxable","57":"product-type-simple"},"acf":[],"yoast_head":"<!-- This site is optimized with the Yoast SEO plugin v27.4 - https:\/\/yoast.com\/product\/yoast-seo-wordpress\/ -->\n<title>6DoF inklinometri - Elektrolind Oy<\/title>\n<meta name=\"description\" content=\"Kest\u00e4v\u00e4 rakenne, suodatusalgoritmit ja laaja l\u00e4mp\u00f6tila-alue tekev\u00e4t siit\u00e4 ihanteellisen ratkaisun ty\u00f6koneisiin, robotiikkaan ja teollisuuteen. 6DoF.\" \/>\n<meta name=\"robots\" content=\"index, follow, max-snippet:-1, max-image-preview:large, max-video-preview:-1\" \/>\n<link rel=\"canonical\" href=\"https:\/\/www.elektrolind.fi\/tuote\/6dof-inklinometri\" \/>\n<meta property=\"og:locale\" content=\"en_US\" \/>\n<meta property=\"og:type\" content=\"article\" \/>\n<meta property=\"og:title\" content=\"6DoF inklinometri - Elektrolind Oy\" \/>\n<meta property=\"og:description\" content=\"Kest\u00e4v\u00e4 rakenne, suodatusalgoritmit ja laaja l\u00e4mp\u00f6tila-alue tekev\u00e4t siit\u00e4 ihanteellisen ratkaisun ty\u00f6koneisiin, robotiikkaan ja teollisuuteen. 6DoF.\" \/>\n<meta property=\"og:url\" content=\"https:\/\/www.elektrolind.fi\/tuote\/6dof-inklinometri\" \/>\n<meta property=\"og:site_name\" content=\"Elektrolind Oy\" \/>\n<meta property=\"article:modified_time\" content=\"2026-01-28T08:55:50+00:00\" \/>\n<meta property=\"og:image\" content=\"https:\/\/www.elektrolind.fi\/wp-content\/uploads\/2025\/05\/6DoF-Pulsotronic-logo.png\" \/>\n\t<meta property=\"og:image:width\" content=\"465\" \/>\n\t<meta property=\"og:image:height\" content=\"420\" \/>\n\t<meta property=\"og:image:type\" content=\"image\/png\" \/>\n<meta name=\"twitter:card\" content=\"summary_large_image\" \/>\n<meta name=\"twitter:label1\" content=\"Est. reading time\" \/>\n\t<meta name=\"twitter:data1\" content=\"2 minutes\" \/>\n<script type=\"application\/ld+json\" class=\"yoast-schema-graph\">{\"@context\":\"https:\\\/\\\/schema.org\",\"@graph\":[{\"@type\":\"WebPage\",\"@id\":\"https:\\\/\\\/www.elektrolind.fi\\\/tuote\\\/6dof-inklinometri\",\"url\":\"https:\\\/\\\/www.elektrolind.fi\\\/tuote\\\/6dof-inklinometri\",\"name\":\"6DoF inklinometri - Elektrolind Oy\",\"isPartOf\":{\"@id\":\"https:\\\/\\\/www.elektrolind.fi\\\/#website\"},\"primaryImageOfPage\":{\"@id\":\"https:\\\/\\\/www.elektrolind.fi\\\/tuote\\\/6dof-inklinometri#primaryimage\"},\"image\":{\"@id\":\"https:\\\/\\\/www.elektrolind.fi\\\/tuote\\\/6dof-inklinometri#primaryimage\"},\"thumbnailUrl\":\"https:\\\/\\\/www.elektrolind.fi\\\/wp-content\\\/uploads\\\/2025\\\/05\\\/6DoF-Pulsotronic-logo.png\",\"datePublished\":\"2025-05-28T06:01:53+00:00\",\"dateModified\":\"2026-01-28T08:55:50+00:00\",\"description\":\"Kest\u00e4v\u00e4 rakenne, suodatusalgoritmit ja laaja l\u00e4mp\u00f6tila-alue tekev\u00e4t siit\u00e4 ihanteellisen ratkaisun ty\u00f6koneisiin, robotiikkaan ja teollisuuteen. 6DoF.\",\"breadcrumb\":{\"@id\":\"https:\\\/\\\/www.elektrolind.fi\\\/tuote\\\/6dof-inklinometri#breadcrumb\"},\"inLanguage\":\"en-US\",\"potentialAction\":[{\"@type\":\"ReadAction\",\"target\":[\"https:\\\/\\\/www.elektrolind.fi\\\/tuote\\\/6dof-inklinometri\"]}]},{\"@type\":\"ImageObject\",\"inLanguage\":\"en-US\",\"@id\":\"https:\\\/\\\/www.elektrolind.fi\\\/tuote\\\/6dof-inklinometri#primaryimage\",\"url\":\"https:\\\/\\\/www.elektrolind.fi\\\/wp-content\\\/uploads\\\/2025\\\/05\\\/6DoF-Pulsotronic-logo.png\",\"contentUrl\":\"https:\\\/\\\/www.elektrolind.fi\\\/wp-content\\\/uploads\\\/2025\\\/05\\\/6DoF-Pulsotronic-logo.png\",\"width\":465,\"height\":420},{\"@type\":\"BreadcrumbList\",\"@id\":\"https:\\\/\\\/www.elektrolind.fi\\\/tuote\\\/6dof-inklinometri#breadcrumb\",\"itemListElement\":[{\"@type\":\"ListItem\",\"position\":1,\"name\":\"Home\",\"item\":\"https:\\\/\\\/www.elektrolind.fi\\\/\"},{\"@type\":\"ListItem\",\"position\":2,\"name\":\"Shop\",\"item\":\"https:\\\/\\\/www.elektrolind.fi\\\/en\\\/shop\"},{\"@type\":\"ListItem\",\"position\":3,\"name\":\"6DoF inklinometri\"}]},{\"@type\":\"WebSite\",\"@id\":\"https:\\\/\\\/www.elektrolind.fi\\\/#website\",\"url\":\"https:\\\/\\\/www.elektrolind.fi\\\/\",\"name\":\"Elektrolind Oy\",\"description\":\"Elektrolind Oy verkkokauppa\",\"publisher\":{\"@id\":\"https:\\\/\\\/www.elektrolind.fi\\\/#organization\"},\"potentialAction\":[{\"@type\":\"SearchAction\",\"target\":{\"@type\":\"EntryPoint\",\"urlTemplate\":\"https:\\\/\\\/www.elektrolind.fi\\\/?s={search_term_string}\"},\"query-input\":{\"@type\":\"PropertyValueSpecification\",\"valueRequired\":true,\"valueName\":\"search_term_string\"}}],\"inLanguage\":\"en-US\"},{\"@type\":\"Organization\",\"@id\":\"https:\\\/\\\/www.elektrolind.fi\\\/#organization\",\"name\":\"Elektrolind Oy\",\"url\":\"https:\\\/\\\/www.elektrolind.fi\\\/\",\"logo\":{\"@type\":\"ImageObject\",\"inLanguage\":\"en-US\",\"@id\":\"https:\\\/\\\/www.elektrolind.fi\\\/#\\\/schema\\\/logo\\\/image\\\/\",\"url\":\"https:\\\/\\\/www.elektrolind.fi\\\/wp-content\\\/uploads\\\/2024\\\/05\\\/cropped-elektrolind-logo-pieni.png\",\"contentUrl\":\"https:\\\/\\\/www.elektrolind.fi\\\/wp-content\\\/uploads\\\/2024\\\/05\\\/cropped-elektrolind-logo-pieni.png\",\"width\":500,\"height\":500,\"caption\":\"Elektrolind Oy\"},\"image\":{\"@id\":\"https:\\\/\\\/www.elektrolind.fi\\\/#\\\/schema\\\/logo\\\/image\\\/\"}}]}<\/script>\n<!-- \/ Yoast SEO plugin. -->","yoast_head_json":{"title":"6DoF inklinometri - Elektrolind Oy","description":"Kest\u00e4v\u00e4 rakenne, suodatusalgoritmit ja laaja l\u00e4mp\u00f6tila-alue tekev\u00e4t siit\u00e4 ihanteellisen ratkaisun ty\u00f6koneisiin, robotiikkaan ja teollisuuteen. 6DoF.","robots":{"index":"index","follow":"follow","max-snippet":"max-snippet:-1","max-image-preview":"max-image-preview:large","max-video-preview":"max-video-preview:-1"},"canonical":"https:\/\/www.elektrolind.fi\/tuote\/6dof-inklinometri","og_locale":"en_US","og_type":"article","og_title":"6DoF inklinometri - Elektrolind Oy","og_description":"Kest\u00e4v\u00e4 rakenne, suodatusalgoritmit ja laaja l\u00e4mp\u00f6tila-alue tekev\u00e4t siit\u00e4 ihanteellisen ratkaisun ty\u00f6koneisiin, robotiikkaan ja teollisuuteen. 6DoF.","og_url":"https:\/\/www.elektrolind.fi\/tuote\/6dof-inklinometri","og_site_name":"Elektrolind Oy","article_modified_time":"2026-01-28T08:55:50+00:00","og_image":[{"width":465,"height":420,"url":"https:\/\/www.elektrolind.fi\/wp-content\/uploads\/2025\/05\/6DoF-Pulsotronic-logo.png","type":"image\/png"}],"twitter_card":"summary_large_image","twitter_misc":{"Est. reading time":"2 minutes"},"schema":{"@context":"https:\/\/schema.org","@graph":[{"@type":"WebPage","@id":"https:\/\/www.elektrolind.fi\/tuote\/6dof-inklinometri","url":"https:\/\/www.elektrolind.fi\/tuote\/6dof-inklinometri","name":"6DoF inklinometri - Elektrolind Oy","isPartOf":{"@id":"https:\/\/www.elektrolind.fi\/#website"},"primaryImageOfPage":{"@id":"https:\/\/www.elektrolind.fi\/tuote\/6dof-inklinometri#primaryimage"},"image":{"@id":"https:\/\/www.elektrolind.fi\/tuote\/6dof-inklinometri#primaryimage"},"thumbnailUrl":"https:\/\/www.elektrolind.fi\/wp-content\/uploads\/2025\/05\/6DoF-Pulsotronic-logo.png","datePublished":"2025-05-28T06:01:53+00:00","dateModified":"2026-01-28T08:55:50+00:00","description":"Kest\u00e4v\u00e4 rakenne, suodatusalgoritmit ja laaja l\u00e4mp\u00f6tila-alue tekev\u00e4t siit\u00e4 ihanteellisen ratkaisun ty\u00f6koneisiin, robotiikkaan ja teollisuuteen. 6DoF.","breadcrumb":{"@id":"https:\/\/www.elektrolind.fi\/tuote\/6dof-inklinometri#breadcrumb"},"inLanguage":"en-US","potentialAction":[{"@type":"ReadAction","target":["https:\/\/www.elektrolind.fi\/tuote\/6dof-inklinometri"]}]},{"@type":"ImageObject","inLanguage":"en-US","@id":"https:\/\/www.elektrolind.fi\/tuote\/6dof-inklinometri#primaryimage","url":"https:\/\/www.elektrolind.fi\/wp-content\/uploads\/2025\/05\/6DoF-Pulsotronic-logo.png","contentUrl":"https:\/\/www.elektrolind.fi\/wp-content\/uploads\/2025\/05\/6DoF-Pulsotronic-logo.png","width":465,"height":420},{"@type":"BreadcrumbList","@id":"https:\/\/www.elektrolind.fi\/tuote\/6dof-inklinometri#breadcrumb","itemListElement":[{"@type":"ListItem","position":1,"name":"Home","item":"https:\/\/www.elektrolind.fi\/"},{"@type":"ListItem","position":2,"name":"Shop","item":"https:\/\/www.elektrolind.fi\/en\/shop"},{"@type":"ListItem","position":3,"name":"6DoF inklinometri"}]},{"@type":"WebSite","@id":"https:\/\/www.elektrolind.fi\/#website","url":"https:\/\/www.elektrolind.fi\/","name":"Elektrolind Oy","description":"Elektrolind Oy verkkokauppa","publisher":{"@id":"https:\/\/www.elektrolind.fi\/#organization"},"potentialAction":[{"@type":"SearchAction","target":{"@type":"EntryPoint","urlTemplate":"https:\/\/www.elektrolind.fi\/?s={search_term_string}"},"query-input":{"@type":"PropertyValueSpecification","valueRequired":true,"valueName":"search_term_string"}}],"inLanguage":"en-US"},{"@type":"Organization","@id":"https:\/\/www.elektrolind.fi\/#organization","name":"Elektrolind Oy","url":"https:\/\/www.elektrolind.fi\/","logo":{"@type":"ImageObject","inLanguage":"en-US","@id":"https:\/\/www.elektrolind.fi\/#\/schema\/logo\/image\/","url":"https:\/\/www.elektrolind.fi\/wp-content\/uploads\/2024\/05\/cropped-elektrolind-logo-pieni.png","contentUrl":"https:\/\/www.elektrolind.fi\/wp-content\/uploads\/2024\/05\/cropped-elektrolind-logo-pieni.png","width":500,"height":500,"caption":"Elektrolind Oy"},"image":{"@id":"https:\/\/www.elektrolind.fi\/#\/schema\/logo\/image\/"}}]}},"_links":{"self":[{"href":"https:\/\/www.elektrolind.fi\/en\/wp-json\/wp\/v2\/product\/4426","targetHints":{"allow":["GET"]}}],"collection":[{"href":"https:\/\/www.elektrolind.fi\/en\/wp-json\/wp\/v2\/product"}],"about":[{"href":"https:\/\/www.elektrolind.fi\/en\/wp-json\/wp\/v2\/types\/product"}],"wp:featuredmedia":[{"embeddable":true,"href":"https:\/\/www.elektrolind.fi\/en\/wp-json\/wp\/v2\/media\/4801"}],"wp:attachment":[{"href":"https:\/\/www.elektrolind.fi\/en\/wp-json\/wp\/v2\/media?parent=4426"}],"wp:term":[{"taxonomy":"product_brand","embeddable":true,"href":"https:\/\/www.elektrolind.fi\/en\/wp-json\/wp\/v2\/product_brand?post=4426"},{"taxonomy":"product_cat","embeddable":true,"href":"https:\/\/www.elektrolind.fi\/en\/wp-json\/wp\/v2\/product_cat?post=4426"},{"taxonomy":"product_tag","embeddable":true,"href":"https:\/\/www.elektrolind.fi\/en\/wp-json\/wp\/v2\/product_tag?post=4426"}],"curies":[{"name":"wp","href":"https:\/\/api.w.org\/{rel}","templated":true}]}}