{"id":2278,"date":"2020-01-20T13:38:17","date_gmt":"2020-01-20T11:38:17","guid":{"rendered":"https:\/\/www.elektrolind.fi\/?post_type=product&#038;p=2278"},"modified":"2024-04-15T13:55:17","modified_gmt":"2024-04-15T11:55:17","slug":"qvs-001-75-sahkoauton-varoitushalytin","status":"publish","type":"product","link":"https:\/\/www.elektrolind.fi\/en\/tuote\/qvs-001-75-sahkoauton-varoitushalytin","title":{"rendered":"QVS-001-75 &#8211; Varoitush\u00e4lytin s\u00e4hk\u00f6ajoneuvoille"},"content":{"rendered":"","protected":false},"excerpt":{"rendered":"<ul>\n<li>12-24 VDC<\/li>\n<li>IP68 h\u00e4lytin<\/li>\n<li>IP30 ECU<\/li>\n<li>Monitaajuus \u00e4\u00e4ni<\/li>\n<\/ul>\n","protected":false},"featured_media":2279,"template":"","meta":{"_acf_changed":false},"product_brand":[],"product_cat":[154],"product_tag":[138],"class_list":{"0":"post-2278","1":"product","2":"type-product","3":"status-publish","4":"has-post-thumbnail","6":"product_cat-sahkoajoneuvon-aanimerkki","7":"product_tag-qvs","9":"first","10":"instock","11":"shipping-taxable","12":"product-type-simple"},"acf":[],"yoast_head":"<!-- This site is optimized with the Yoast SEO plugin v27.5 - https:\/\/yoast.com\/product\/yoast-seo-wordpress\/ -->\n<title>QVS-001-75 - Varoitush\u00e4lytin s\u00e4hk\u00f6ajoneuvoille - Elektrolind Oy<\/title>\n<meta name=\"robots\" content=\"index, follow, max-snippet:-1, max-image-preview:large, max-video-preview:-1\" \/>\n<link rel=\"canonical\" href=\"https:\/\/www.elektrolind.fi\/tuote\/qvs-001-75-sahkoauton-varoitushalytin\" \/>\n<meta property=\"og:locale\" content=\"en_US\" \/>\n<meta property=\"og:type\" content=\"article\" \/>\n<meta property=\"og:title\" content=\"QVS-001-75 - Varoitush\u00e4lytin s\u00e4hk\u00f6ajoneuvoille - Elektrolind Oy\" \/>\n<meta property=\"og:description\" content=\"12-24 VDC  IP68 h\u00e4lytin  IP30 ECU  Monitaajuus \u00e4\u00e4ni\" \/>\n<meta property=\"og:url\" content=\"https:\/\/www.elektrolind.fi\/tuote\/qvs-001-75-sahkoauton-varoitushalytin\" \/>\n<meta property=\"og:site_name\" content=\"Elektrolind Oy\" \/>\n<meta property=\"article:modified_time\" content=\"2024-04-15T11:55:17+00:00\" \/>\n<meta property=\"og:image\" content=\"https:\/\/www.elektrolind.fi\/wp-content\/uploads\/2020\/01\/QVS-kuva.jpg\" \/>\n\t<meta property=\"og:image:width\" content=\"807\" \/>\n\t<meta property=\"og:image:height\" content=\"605\" \/>\n\t<meta property=\"og:image:type\" content=\"image\/jpeg\" \/>\n<meta name=\"twitter:card\" content=\"summary_large_image\" \/>\n<script type=\"application\/ld+json\" class=\"yoast-schema-graph\">{\"@context\":\"https:\\\/\\\/schema.org\",\"@graph\":[{\"@type\":\"WebPage\",\"@id\":\"https:\\\/\\\/www.elektrolind.fi\\\/tuote\\\/qvs-001-75-sahkoauton-varoitushalytin\",\"url\":\"https:\\\/\\\/www.elektrolind.fi\\\/tuote\\\/qvs-001-75-sahkoauton-varoitushalytin\",\"name\":\"QVS-001-75 - Varoitush\u00e4lytin s\u00e4hk\u00f6ajoneuvoille - Elektrolind Oy\",\"isPartOf\":{\"@id\":\"https:\\\/\\\/www.elektrolind.fi\\\/#website\"},\"primaryImageOfPage\":{\"@id\":\"https:\\\/\\\/www.elektrolind.fi\\\/tuote\\\/qvs-001-75-sahkoauton-varoitushalytin#primaryimage\"},\"image\":{\"@id\":\"https:\\\/\\\/www.elektrolind.fi\\\/tuote\\\/qvs-001-75-sahkoauton-varoitushalytin#primaryimage\"},\"thumbnailUrl\":\"https:\\\/\\\/www.elektrolind.fi\\\/wp-content\\\/uploads\\\/2020\\\/01\\\/QVS-kuva.jpg\",\"datePublished\":\"2020-01-20T11:38:17+00:00\",\"dateModified\":\"2024-04-15T11:55:17+00:00\",\"breadcrumb\":{\"@id\":\"https:\\\/\\\/www.elektrolind.fi\\\/tuote\\\/qvs-001-75-sahkoauton-varoitushalytin#breadcrumb\"},\"inLanguage\":\"en-US\",\"potentialAction\":[{\"@type\":\"ReadAction\",\"target\":[\"https:\\\/\\\/www.elektrolind.fi\\\/tuote\\\/qvs-001-75-sahkoauton-varoitushalytin\"]}]},{\"@type\":\"ImageObject\",\"inLanguage\":\"en-US\",\"@id\":\"https:\\\/\\\/www.elektrolind.fi\\\/tuote\\\/qvs-001-75-sahkoauton-varoitushalytin#primaryimage\",\"url\":\"https:\\\/\\\/www.elektrolind.fi\\\/wp-content\\\/uploads\\\/2020\\\/01\\\/QVS-kuva.jpg\",\"contentUrl\":\"https:\\\/\\\/www.elektrolind.fi\\\/wp-content\\\/uploads\\\/2020\\\/01\\\/QVS-kuva.jpg\",\"width\":807,\"height\":605},{\"@type\":\"BreadcrumbList\",\"@id\":\"https:\\\/\\\/www.elektrolind.fi\\\/tuote\\\/qvs-001-75-sahkoauton-varoitushalytin#breadcrumb\",\"itemListElement\":[{\"@type\":\"ListItem\",\"position\":1,\"name\":\"Home\",\"item\":\"https:\\\/\\\/www.elektrolind.fi\\\/\"},{\"@type\":\"ListItem\",\"position\":2,\"name\":\"Shop\",\"item\":\"https:\\\/\\\/www.elektrolind.fi\\\/en\\\/shop\"},{\"@type\":\"ListItem\",\"position\":3,\"name\":\"QVS-001-75 &#8211; Varoitush\u00e4lytin s\u00e4hk\u00f6ajoneuvoille\"}]},{\"@type\":\"WebSite\",\"@id\":\"https:\\\/\\\/www.elektrolind.fi\\\/#website\",\"url\":\"https:\\\/\\\/www.elektrolind.fi\\\/\",\"name\":\"Elektrolind Oy\",\"description\":\"Elektrolind Oy verkkokauppa\",\"publisher\":{\"@id\":\"https:\\\/\\\/www.elektrolind.fi\\\/#organization\"},\"potentialAction\":[{\"@type\":\"SearchAction\",\"target\":{\"@type\":\"EntryPoint\",\"urlTemplate\":\"https:\\\/\\\/www.elektrolind.fi\\\/?s={search_term_string}\"},\"query-input\":{\"@type\":\"PropertyValueSpecification\",\"valueRequired\":true,\"valueName\":\"search_term_string\"}}],\"inLanguage\":\"en-US\"},{\"@type\":\"Organization\",\"@id\":\"https:\\\/\\\/www.elektrolind.fi\\\/#organization\",\"name\":\"Elektrolind Oy\",\"url\":\"https:\\\/\\\/www.elektrolind.fi\\\/\",\"logo\":{\"@type\":\"ImageObject\",\"inLanguage\":\"en-US\",\"@id\":\"https:\\\/\\\/www.elektrolind.fi\\\/#\\\/schema\\\/logo\\\/image\\\/\",\"url\":\"https:\\\/\\\/www.elektrolind.fi\\\/wp-content\\\/uploads\\\/2024\\\/05\\\/cropped-elektrolind-logo-pieni.png\",\"contentUrl\":\"https:\\\/\\\/www.elektrolind.fi\\\/wp-content\\\/uploads\\\/2024\\\/05\\\/cropped-elektrolind-logo-pieni.png\",\"width\":500,\"height\":500,\"caption\":\"Elektrolind Oy\"},\"image\":{\"@id\":\"https:\\\/\\\/www.elektrolind.fi\\\/#\\\/schema\\\/logo\\\/image\\\/\"}}]}<\/script>\n<!-- \/ Yoast SEO plugin. -->","yoast_head_json":{"title":"QVS-001-75 - Varoitush\u00e4lytin s\u00e4hk\u00f6ajoneuvoille - Elektrolind Oy","robots":{"index":"index","follow":"follow","max-snippet":"max-snippet:-1","max-image-preview":"max-image-preview:large","max-video-preview":"max-video-preview:-1"},"canonical":"https:\/\/www.elektrolind.fi\/tuote\/qvs-001-75-sahkoauton-varoitushalytin","og_locale":"en_US","og_type":"article","og_title":"QVS-001-75 - Varoitush\u00e4lytin s\u00e4hk\u00f6ajoneuvoille - Elektrolind Oy","og_description":"12-24 VDC  IP68 h\u00e4lytin  IP30 ECU  Monitaajuus \u00e4\u00e4ni","og_url":"https:\/\/www.elektrolind.fi\/tuote\/qvs-001-75-sahkoauton-varoitushalytin","og_site_name":"Elektrolind Oy","article_modified_time":"2024-04-15T11:55:17+00:00","og_image":[{"width":807,"height":605,"url":"https:\/\/www.elektrolind.fi\/wp-content\/uploads\/2020\/01\/QVS-kuva.jpg","type":"image\/jpeg"}],"twitter_card":"summary_large_image","schema":{"@context":"https:\/\/schema.org","@graph":[{"@type":"WebPage","@id":"https:\/\/www.elektrolind.fi\/tuote\/qvs-001-75-sahkoauton-varoitushalytin","url":"https:\/\/www.elektrolind.fi\/tuote\/qvs-001-75-sahkoauton-varoitushalytin","name":"QVS-001-75 - Varoitush\u00e4lytin s\u00e4hk\u00f6ajoneuvoille - Elektrolind Oy","isPartOf":{"@id":"https:\/\/www.elektrolind.fi\/#website"},"primaryImageOfPage":{"@id":"https:\/\/www.elektrolind.fi\/tuote\/qvs-001-75-sahkoauton-varoitushalytin#primaryimage"},"image":{"@id":"https:\/\/www.elektrolind.fi\/tuote\/qvs-001-75-sahkoauton-varoitushalytin#primaryimage"},"thumbnailUrl":"https:\/\/www.elektrolind.fi\/wp-content\/uploads\/2020\/01\/QVS-kuva.jpg","datePublished":"2020-01-20T11:38:17+00:00","dateModified":"2024-04-15T11:55:17+00:00","breadcrumb":{"@id":"https:\/\/www.elektrolind.fi\/tuote\/qvs-001-75-sahkoauton-varoitushalytin#breadcrumb"},"inLanguage":"en-US","potentialAction":[{"@type":"ReadAction","target":["https:\/\/www.elektrolind.fi\/tuote\/qvs-001-75-sahkoauton-varoitushalytin"]}]},{"@type":"ImageObject","inLanguage":"en-US","@id":"https:\/\/www.elektrolind.fi\/tuote\/qvs-001-75-sahkoauton-varoitushalytin#primaryimage","url":"https:\/\/www.elektrolind.fi\/wp-content\/uploads\/2020\/01\/QVS-kuva.jpg","contentUrl":"https:\/\/www.elektrolind.fi\/wp-content\/uploads\/2020\/01\/QVS-kuva.jpg","width":807,"height":605},{"@type":"BreadcrumbList","@id":"https:\/\/www.elektrolind.fi\/tuote\/qvs-001-75-sahkoauton-varoitushalytin#breadcrumb","itemListElement":[{"@type":"ListItem","position":1,"name":"Home","item":"https:\/\/www.elektrolind.fi\/"},{"@type":"ListItem","position":2,"name":"Shop","item":"https:\/\/www.elektrolind.fi\/en\/shop"},{"@type":"ListItem","position":3,"name":"QVS-001-75 &#8211; Varoitush\u00e4lytin s\u00e4hk\u00f6ajoneuvoille"}]},{"@type":"WebSite","@id":"https:\/\/www.elektrolind.fi\/#website","url":"https:\/\/www.elektrolind.fi\/","name":"Elektrolind Oy","description":"Elektrolind Oy verkkokauppa","publisher":{"@id":"https:\/\/www.elektrolind.fi\/#organization"},"potentialAction":[{"@type":"SearchAction","target":{"@type":"EntryPoint","urlTemplate":"https:\/\/www.elektrolind.fi\/?s={search_term_string}"},"query-input":{"@type":"PropertyValueSpecification","valueRequired":true,"valueName":"search_term_string"}}],"inLanguage":"en-US"},{"@type":"Organization","@id":"https:\/\/www.elektrolind.fi\/#organization","name":"Elektrolind Oy","url":"https:\/\/www.elektrolind.fi\/","logo":{"@type":"ImageObject","inLanguage":"en-US","@id":"https:\/\/www.elektrolind.fi\/#\/schema\/logo\/image\/","url":"https:\/\/www.elektrolind.fi\/wp-content\/uploads\/2024\/05\/cropped-elektrolind-logo-pieni.png","contentUrl":"https:\/\/www.elektrolind.fi\/wp-content\/uploads\/2024\/05\/cropped-elektrolind-logo-pieni.png","width":500,"height":500,"caption":"Elektrolind Oy"},"image":{"@id":"https:\/\/www.elektrolind.fi\/#\/schema\/logo\/image\/"}}]}},"_links":{"self":[{"href":"https:\/\/www.elektrolind.fi\/en\/wp-json\/wp\/v2\/product\/2278","targetHints":{"allow":["GET"]}}],"collection":[{"href":"https:\/\/www.elektrolind.fi\/en\/wp-json\/wp\/v2\/product"}],"about":[{"href":"https:\/\/www.elektrolind.fi\/en\/wp-json\/wp\/v2\/types\/product"}],"wp:featuredmedia":[{"embeddable":true,"href":"https:\/\/www.elektrolind.fi\/en\/wp-json\/wp\/v2\/media\/2279"}],"wp:attachment":[{"href":"https:\/\/www.elektrolind.fi\/en\/wp-json\/wp\/v2\/media?parent=2278"}],"wp:term":[{"taxonomy":"product_brand","embeddable":true,"href":"https:\/\/www.elektrolind.fi\/en\/wp-json\/wp\/v2\/product_brand?post=2278"},{"taxonomy":"product_cat","embeddable":true,"href":"https:\/\/www.elektrolind.fi\/en\/wp-json\/wp\/v2\/product_cat?post=2278"},{"taxonomy":"product_tag","embeddable":true,"href":"https:\/\/www.elektrolind.fi\/en\/wp-json\/wp\/v2\/product_tag?post=2278"}],"curies":[{"name":"wp","href":"https:\/\/api.w.org\/{rel}","templated":true}]}}