{"id":1923,"date":"2019-05-15T14:10:50","date_gmt":"2019-05-15T12:10:50","guid":{"rendered":"https:\/\/www.elektrolind.fi\/?post_type=product&#038;p=1923"},"modified":"2025-05-23T12:20:50","modified_gmt":"2025-05-23T10:20:50","slug":"se-770-100-backeye-360-kamera-monitori-jarjestelma","status":"publish","type":"product","link":"https:\/\/www.elektrolind.fi\/en\/tuote\/se-770-100-backeye-360-kamera-monitori-jarjestelma","title":{"rendered":"SE-770-100, 360\u00b0 j\u00e4rjestelm\u00e4, 7&#8243; n\u00e4yt\u00f6ll\u00e4"},"content":{"rendered":"<p>J\u00e4rjestelm\u00e4 sis\u00e4lt\u00e4\u00e4:<\/p>\n<ul>\n<li>1 x VBV-770M, 7&#8243; Select-sarjan monitori<\/li>\n<li>1 x BN360-200 360\u00b0 j\u00e4rjestelm\u00e4<\/li>\n<li>1 x BN360-L110 &#8211; 10 m kamerakaapeli<\/li>\n<li>2 x BN360-L115 &#8211; 15 m kamerakaapeli<\/li>\n<li>1 x BN360-L120 &#8211; 20 m kamerakaapeli<\/li>\n<\/ul>\n","protected":false},"excerpt":{"rendered":"<ul>\n<li>IP69K kamerat<\/li>\n<li>12-24VDC<\/li>\n<\/ul>\n<p><a href=\"https:\/\/www.elektrolind.fi\/wp-content\/uploads\/2019\/05\/360.pdf\" target=\"_blank\" rel=\"noopener noreferrer\">Esite<\/a><\/p>\n","protected":false},"featured_media":1924,"template":"","meta":{"_acf_changed":false},"product_brand":[],"product_cat":[49],"product_tag":[],"class_list":{"0":"post-1923","1":"product","2":"type-product","3":"status-publish","4":"has-post-thumbnail","6":"product_cat-360-kamerajarjestelmat","8":"first","9":"instock","10":"shipping-taxable","11":"purchasable","12":"product-type-simple"},"acf":[],"yoast_head":"<!-- This site is optimized with the Yoast SEO plugin v27.5 - https:\/\/yoast.com\/product\/yoast-seo-wordpress\/ -->\n<title>SE-770-100, 360\u00b0 j\u00e4rjestelm\u00e4, 7&quot; n\u00e4yt\u00f6ll\u00e4 - Elektrolind Oy<\/title>\n<meta name=\"robots\" content=\"index, follow, max-snippet:-1, max-image-preview:large, max-video-preview:-1\" \/>\n<link rel=\"canonical\" href=\"https:\/\/www.elektrolind.fi\/tuote\/se-770-100-backeye-360-kamera-monitori-jarjestelma\" \/>\n<meta property=\"og:locale\" content=\"en_US\" \/>\n<meta property=\"og:type\" content=\"article\" \/>\n<meta property=\"og:title\" content=\"SE-770-100, 360\u00b0 j\u00e4rjestelm\u00e4, 7&quot; n\u00e4yt\u00f6ll\u00e4 - Elektrolind Oy\" \/>\n<meta property=\"og:description\" content=\"IP69K kamerat  12-24VDC  Esite\" \/>\n<meta property=\"og:url\" content=\"https:\/\/www.elektrolind.fi\/tuote\/se-770-100-backeye-360-kamera-monitori-jarjestelma\" \/>\n<meta property=\"og:site_name\" content=\"Elektrolind Oy\" \/>\n<meta property=\"article:modified_time\" content=\"2025-05-23T10:20:50+00:00\" \/>\n<meta property=\"og:image\" content=\"https:\/\/www.elektrolind.fi\/wp-content\/uploads\/2019\/05\/BN360-x4.jpg\" \/>\n\t<meta property=\"og:image:width\" content=\"1200\" \/>\n\t<meta property=\"og:image:height\" content=\"1242\" \/>\n\t<meta property=\"og:image:type\" content=\"image\/jpeg\" \/>\n<meta name=\"twitter:card\" content=\"summary_large_image\" \/>\n<script type=\"application\/ld+json\" class=\"yoast-schema-graph\">{\"@context\":\"https:\\\/\\\/schema.org\",\"@graph\":[{\"@type\":\"WebPage\",\"@id\":\"https:\\\/\\\/www.elektrolind.fi\\\/tuote\\\/se-770-100-backeye-360-kamera-monitori-jarjestelma\",\"url\":\"https:\\\/\\\/www.elektrolind.fi\\\/tuote\\\/se-770-100-backeye-360-kamera-monitori-jarjestelma\",\"name\":\"SE-770-100, 360\u00b0 j\u00e4rjestelm\u00e4, 7\\\" n\u00e4yt\u00f6ll\u00e4 - Elektrolind Oy\",\"isPartOf\":{\"@id\":\"https:\\\/\\\/www.elektrolind.fi\\\/#website\"},\"primaryImageOfPage\":{\"@id\":\"https:\\\/\\\/www.elektrolind.fi\\\/tuote\\\/se-770-100-backeye-360-kamera-monitori-jarjestelma#primaryimage\"},\"image\":{\"@id\":\"https:\\\/\\\/www.elektrolind.fi\\\/tuote\\\/se-770-100-backeye-360-kamera-monitori-jarjestelma#primaryimage\"},\"thumbnailUrl\":\"https:\\\/\\\/www.elektrolind.fi\\\/wp-content\\\/uploads\\\/2019\\\/05\\\/BN360-x4.jpg\",\"datePublished\":\"2019-05-15T12:10:50+00:00\",\"dateModified\":\"2025-05-23T10:20:50+00:00\",\"breadcrumb\":{\"@id\":\"https:\\\/\\\/www.elektrolind.fi\\\/tuote\\\/se-770-100-backeye-360-kamera-monitori-jarjestelma#breadcrumb\"},\"inLanguage\":\"en-US\",\"potentialAction\":[{\"@type\":\"ReadAction\",\"target\":[\"https:\\\/\\\/www.elektrolind.fi\\\/tuote\\\/se-770-100-backeye-360-kamera-monitori-jarjestelma\"]}]},{\"@type\":\"ImageObject\",\"inLanguage\":\"en-US\",\"@id\":\"https:\\\/\\\/www.elektrolind.fi\\\/tuote\\\/se-770-100-backeye-360-kamera-monitori-jarjestelma#primaryimage\",\"url\":\"https:\\\/\\\/www.elektrolind.fi\\\/wp-content\\\/uploads\\\/2019\\\/05\\\/BN360-x4.jpg\",\"contentUrl\":\"https:\\\/\\\/www.elektrolind.fi\\\/wp-content\\\/uploads\\\/2019\\\/05\\\/BN360-x4.jpg\",\"width\":1200,\"height\":1242},{\"@type\":\"BreadcrumbList\",\"@id\":\"https:\\\/\\\/www.elektrolind.fi\\\/tuote\\\/se-770-100-backeye-360-kamera-monitori-jarjestelma#breadcrumb\",\"itemListElement\":[{\"@type\":\"ListItem\",\"position\":1,\"name\":\"Home\",\"item\":\"https:\\\/\\\/www.elektrolind.fi\\\/\"},{\"@type\":\"ListItem\",\"position\":2,\"name\":\"Shop\",\"item\":\"https:\\\/\\\/www.elektrolind.fi\\\/en\\\/shop\"},{\"@type\":\"ListItem\",\"position\":3,\"name\":\"SE-770-100, 360\u00b0 j\u00e4rjestelm\u00e4, 7&#8243; n\u00e4yt\u00f6ll\u00e4\"}]},{\"@type\":\"WebSite\",\"@id\":\"https:\\\/\\\/www.elektrolind.fi\\\/#website\",\"url\":\"https:\\\/\\\/www.elektrolind.fi\\\/\",\"name\":\"Elektrolind Oy\",\"description\":\"Elektrolind Oy verkkokauppa\",\"publisher\":{\"@id\":\"https:\\\/\\\/www.elektrolind.fi\\\/#organization\"},\"potentialAction\":[{\"@type\":\"SearchAction\",\"target\":{\"@type\":\"EntryPoint\",\"urlTemplate\":\"https:\\\/\\\/www.elektrolind.fi\\\/?s={search_term_string}\"},\"query-input\":{\"@type\":\"PropertyValueSpecification\",\"valueRequired\":true,\"valueName\":\"search_term_string\"}}],\"inLanguage\":\"en-US\"},{\"@type\":\"Organization\",\"@id\":\"https:\\\/\\\/www.elektrolind.fi\\\/#organization\",\"name\":\"Elektrolind Oy\",\"url\":\"https:\\\/\\\/www.elektrolind.fi\\\/\",\"logo\":{\"@type\":\"ImageObject\",\"inLanguage\":\"en-US\",\"@id\":\"https:\\\/\\\/www.elektrolind.fi\\\/#\\\/schema\\\/logo\\\/image\\\/\",\"url\":\"https:\\\/\\\/www.elektrolind.fi\\\/wp-content\\\/uploads\\\/2024\\\/05\\\/cropped-elektrolind-logo-pieni.png\",\"contentUrl\":\"https:\\\/\\\/www.elektrolind.fi\\\/wp-content\\\/uploads\\\/2024\\\/05\\\/cropped-elektrolind-logo-pieni.png\",\"width\":500,\"height\":500,\"caption\":\"Elektrolind Oy\"},\"image\":{\"@id\":\"https:\\\/\\\/www.elektrolind.fi\\\/#\\\/schema\\\/logo\\\/image\\\/\"}}]}<\/script>\n<!-- \/ Yoast SEO plugin. -->","yoast_head_json":{"title":"SE-770-100, 360\u00b0 j\u00e4rjestelm\u00e4, 7\" n\u00e4yt\u00f6ll\u00e4 - Elektrolind Oy","robots":{"index":"index","follow":"follow","max-snippet":"max-snippet:-1","max-image-preview":"max-image-preview:large","max-video-preview":"max-video-preview:-1"},"canonical":"https:\/\/www.elektrolind.fi\/tuote\/se-770-100-backeye-360-kamera-monitori-jarjestelma","og_locale":"en_US","og_type":"article","og_title":"SE-770-100, 360\u00b0 j\u00e4rjestelm\u00e4, 7\" n\u00e4yt\u00f6ll\u00e4 - Elektrolind Oy","og_description":"IP69K kamerat  12-24VDC  Esite","og_url":"https:\/\/www.elektrolind.fi\/tuote\/se-770-100-backeye-360-kamera-monitori-jarjestelma","og_site_name":"Elektrolind Oy","article_modified_time":"2025-05-23T10:20:50+00:00","og_image":[{"width":1200,"height":1242,"url":"https:\/\/www.elektrolind.fi\/wp-content\/uploads\/2019\/05\/BN360-x4.jpg","type":"image\/jpeg"}],"twitter_card":"summary_large_image","schema":{"@context":"https:\/\/schema.org","@graph":[{"@type":"WebPage","@id":"https:\/\/www.elektrolind.fi\/tuote\/se-770-100-backeye-360-kamera-monitori-jarjestelma","url":"https:\/\/www.elektrolind.fi\/tuote\/se-770-100-backeye-360-kamera-monitori-jarjestelma","name":"SE-770-100, 360\u00b0 j\u00e4rjestelm\u00e4, 7\" n\u00e4yt\u00f6ll\u00e4 - Elektrolind Oy","isPartOf":{"@id":"https:\/\/www.elektrolind.fi\/#website"},"primaryImageOfPage":{"@id":"https:\/\/www.elektrolind.fi\/tuote\/se-770-100-backeye-360-kamera-monitori-jarjestelma#primaryimage"},"image":{"@id":"https:\/\/www.elektrolind.fi\/tuote\/se-770-100-backeye-360-kamera-monitori-jarjestelma#primaryimage"},"thumbnailUrl":"https:\/\/www.elektrolind.fi\/wp-content\/uploads\/2019\/05\/BN360-x4.jpg","datePublished":"2019-05-15T12:10:50+00:00","dateModified":"2025-05-23T10:20:50+00:00","breadcrumb":{"@id":"https:\/\/www.elektrolind.fi\/tuote\/se-770-100-backeye-360-kamera-monitori-jarjestelma#breadcrumb"},"inLanguage":"en-US","potentialAction":[{"@type":"ReadAction","target":["https:\/\/www.elektrolind.fi\/tuote\/se-770-100-backeye-360-kamera-monitori-jarjestelma"]}]},{"@type":"ImageObject","inLanguage":"en-US","@id":"https:\/\/www.elektrolind.fi\/tuote\/se-770-100-backeye-360-kamera-monitori-jarjestelma#primaryimage","url":"https:\/\/www.elektrolind.fi\/wp-content\/uploads\/2019\/05\/BN360-x4.jpg","contentUrl":"https:\/\/www.elektrolind.fi\/wp-content\/uploads\/2019\/05\/BN360-x4.jpg","width":1200,"height":1242},{"@type":"BreadcrumbList","@id":"https:\/\/www.elektrolind.fi\/tuote\/se-770-100-backeye-360-kamera-monitori-jarjestelma#breadcrumb","itemListElement":[{"@type":"ListItem","position":1,"name":"Home","item":"https:\/\/www.elektrolind.fi\/"},{"@type":"ListItem","position":2,"name":"Shop","item":"https:\/\/www.elektrolind.fi\/en\/shop"},{"@type":"ListItem","position":3,"name":"SE-770-100, 360\u00b0 j\u00e4rjestelm\u00e4, 7&#8243; n\u00e4yt\u00f6ll\u00e4"}]},{"@type":"WebSite","@id":"https:\/\/www.elektrolind.fi\/#website","url":"https:\/\/www.elektrolind.fi\/","name":"Elektrolind Oy","description":"Elektrolind Oy verkkokauppa","publisher":{"@id":"https:\/\/www.elektrolind.fi\/#organization"},"potentialAction":[{"@type":"SearchAction","target":{"@type":"EntryPoint","urlTemplate":"https:\/\/www.elektrolind.fi\/?s={search_term_string}"},"query-input":{"@type":"PropertyValueSpecification","valueRequired":true,"valueName":"search_term_string"}}],"inLanguage":"en-US"},{"@type":"Organization","@id":"https:\/\/www.elektrolind.fi\/#organization","name":"Elektrolind Oy","url":"https:\/\/www.elektrolind.fi\/","logo":{"@type":"ImageObject","inLanguage":"en-US","@id":"https:\/\/www.elektrolind.fi\/#\/schema\/logo\/image\/","url":"https:\/\/www.elektrolind.fi\/wp-content\/uploads\/2024\/05\/cropped-elektrolind-logo-pieni.png","contentUrl":"https:\/\/www.elektrolind.fi\/wp-content\/uploads\/2024\/05\/cropped-elektrolind-logo-pieni.png","width":500,"height":500,"caption":"Elektrolind Oy"},"image":{"@id":"https:\/\/www.elektrolind.fi\/#\/schema\/logo\/image\/"}}]}},"_links":{"self":[{"href":"https:\/\/www.elektrolind.fi\/en\/wp-json\/wp\/v2\/product\/1923","targetHints":{"allow":["GET"]}}],"collection":[{"href":"https:\/\/www.elektrolind.fi\/en\/wp-json\/wp\/v2\/product"}],"about":[{"href":"https:\/\/www.elektrolind.fi\/en\/wp-json\/wp\/v2\/types\/product"}],"wp:featuredmedia":[{"embeddable":true,"href":"https:\/\/www.elektrolind.fi\/en\/wp-json\/wp\/v2\/media\/1924"}],"wp:attachment":[{"href":"https:\/\/www.elektrolind.fi\/en\/wp-json\/wp\/v2\/media?parent=1923"}],"wp:term":[{"taxonomy":"product_brand","embeddable":true,"href":"https:\/\/www.elektrolind.fi\/en\/wp-json\/wp\/v2\/product_brand?post=1923"},{"taxonomy":"product_cat","embeddable":true,"href":"https:\/\/www.elektrolind.fi\/en\/wp-json\/wp\/v2\/product_cat?post=1923"},{"taxonomy":"product_tag","embeddable":true,"href":"https:\/\/www.elektrolind.fi\/en\/wp-json\/wp\/v2\/product_tag?post=1923"}],"curies":[{"name":"wp","href":"https:\/\/api.w.org\/{rel}","templated":true}]}}