{"id":1557,"date":"2019-04-08T12:01:56","date_gmt":"2019-04-08T12:01:56","guid":{"rendered":"https:\/\/www.elektrolind.fi\/?post_type=product&#038;p=1557"},"modified":"2025-05-23T12:20:50","modified_gmt":"2025-05-23T10:20:50","slug":"kamerapaketti-vbv-750-100","status":"publish","type":"product","link":"https:\/\/www.elektrolind.fi\/en\/tuote\/kamerapaketti-vbv-750-100","title":{"rendered":"VBV-750-100 kamerapaketti"},"content":{"rendered":"<ul>\n<li>Per\u00e4vaunuttomiin ajoneuvoihin<\/li>\n<\/ul>\n","protected":false},"excerpt":{"rendered":"<p>Kamerapaketti sis\u00e4lt\u00e4\u00e4:<\/p>\n<ul>\n<li>1 kpl\u00a0 VBV-750M-S, 5&#8243;\u00a0 TFT -monitori<\/li>\n<li>1 kpl\u00a0 VBV-710C, sulkijal\u00e4p\u00e4llinen v\u00e4rikamera<\/li>\n<li>1 kpl\u00a0 VBV-L520, 20m kamerakaapeli<\/li>\n<li>3 kameratuloa<\/li>\n<li>Sek\u00e4 tarvittavat asennustarvikkeet<\/li>\n<\/ul>\n","protected":false},"featured_media":1828,"template":"","meta":{"_acf_changed":false},"product_brand":[],"product_cat":[121,132],"product_tag":[59,127,128],"class_list":{"0":"post-1557","1":"product","2":"type-product","3":"status-publish","4":"has-post-thumbnail","6":"product_cat-kaikki-brigade-tuotteet","7":"product_cat-kamerapaketit","8":"product_tag-brigade","9":"product_tag-kamerapaketti","10":"product_tag-vbv","12":"first","13":"instock","14":"shipping-taxable","15":"product-type-simple"},"acf":[],"yoast_head":"<!-- This site is optimized with the Yoast SEO plugin v27.5 - https:\/\/yoast.com\/product\/yoast-seo-wordpress\/ -->\n<title>VBV-750-100 kamerapaketti - Elektrolind Oy<\/title>\n<meta name=\"robots\" content=\"index, follow, max-snippet:-1, max-image-preview:large, max-video-preview:-1\" \/>\n<link rel=\"canonical\" href=\"https:\/\/www.elektrolind.fi\/tuote\/kamerapaketti-vbv-750-100\" \/>\n<meta property=\"og:locale\" content=\"en_US\" \/>\n<meta property=\"og:type\" content=\"article\" \/>\n<meta property=\"og:title\" content=\"VBV-750-100 kamerapaketti - Elektrolind Oy\" \/>\n<meta property=\"og:description\" content=\"Kamerapaketti sis\u00e4lt\u00e4\u00e4:   1 kpl\u00a0 VBV-750M-S, 5&quot;\u00a0 TFT -monitori  1 kpl\u00a0 VBV-710C, sulkijal\u00e4p\u00e4llinen v\u00e4rikamera  1 kpl\u00a0 VBV-L520, 20m kamerakaapeli  3 kameratuloa  Sek\u00e4 tarvittavat asennustarvikkeet\" \/>\n<meta property=\"og:url\" content=\"https:\/\/www.elektrolind.fi\/tuote\/kamerapaketti-vbv-750-100\" \/>\n<meta property=\"og:site_name\" content=\"Elektrolind Oy\" \/>\n<meta property=\"article:modified_time\" content=\"2025-05-23T10:20:50+00:00\" \/>\n<meta property=\"og:image\" content=\"https:\/\/www.elektrolind.fi\/wp-content\/uploads\/2019\/04\/vbv-750-100-2.jpg\" \/>\n\t<meta property=\"og:image:width\" content=\"1648\" \/>\n\t<meta property=\"og:image:height\" content=\"1091\" \/>\n\t<meta property=\"og:image:type\" content=\"image\/jpeg\" \/>\n<meta name=\"twitter:card\" content=\"summary_large_image\" \/>\n<script type=\"application\/ld+json\" class=\"yoast-schema-graph\">{\"@context\":\"https:\\\/\\\/schema.org\",\"@graph\":[{\"@type\":\"WebPage\",\"@id\":\"https:\\\/\\\/www.elektrolind.fi\\\/tuote\\\/kamerapaketti-vbv-750-100\",\"url\":\"https:\\\/\\\/www.elektrolind.fi\\\/tuote\\\/kamerapaketti-vbv-750-100\",\"name\":\"VBV-750-100 kamerapaketti - Elektrolind Oy\",\"isPartOf\":{\"@id\":\"https:\\\/\\\/www.elektrolind.fi\\\/#website\"},\"primaryImageOfPage\":{\"@id\":\"https:\\\/\\\/www.elektrolind.fi\\\/tuote\\\/kamerapaketti-vbv-750-100#primaryimage\"},\"image\":{\"@id\":\"https:\\\/\\\/www.elektrolind.fi\\\/tuote\\\/kamerapaketti-vbv-750-100#primaryimage\"},\"thumbnailUrl\":\"https:\\\/\\\/www.elektrolind.fi\\\/wp-content\\\/uploads\\\/2019\\\/04\\\/vbv-750-100-2.jpg\",\"datePublished\":\"2019-04-08T12:01:56+00:00\",\"dateModified\":\"2025-05-23T10:20:50+00:00\",\"breadcrumb\":{\"@id\":\"https:\\\/\\\/www.elektrolind.fi\\\/tuote\\\/kamerapaketti-vbv-750-100#breadcrumb\"},\"inLanguage\":\"en-US\",\"potentialAction\":[{\"@type\":\"ReadAction\",\"target\":[\"https:\\\/\\\/www.elektrolind.fi\\\/tuote\\\/kamerapaketti-vbv-750-100\"]}]},{\"@type\":\"ImageObject\",\"inLanguage\":\"en-US\",\"@id\":\"https:\\\/\\\/www.elektrolind.fi\\\/tuote\\\/kamerapaketti-vbv-750-100#primaryimage\",\"url\":\"https:\\\/\\\/www.elektrolind.fi\\\/wp-content\\\/uploads\\\/2019\\\/04\\\/vbv-750-100-2.jpg\",\"contentUrl\":\"https:\\\/\\\/www.elektrolind.fi\\\/wp-content\\\/uploads\\\/2019\\\/04\\\/vbv-750-100-2.jpg\",\"width\":1648,\"height\":1091},{\"@type\":\"BreadcrumbList\",\"@id\":\"https:\\\/\\\/www.elektrolind.fi\\\/tuote\\\/kamerapaketti-vbv-750-100#breadcrumb\",\"itemListElement\":[{\"@type\":\"ListItem\",\"position\":1,\"name\":\"Home\",\"item\":\"https:\\\/\\\/www.elektrolind.fi\\\/\"},{\"@type\":\"ListItem\",\"position\":2,\"name\":\"Shop\",\"item\":\"https:\\\/\\\/www.elektrolind.fi\\\/en\\\/shop\"},{\"@type\":\"ListItem\",\"position\":3,\"name\":\"VBV-750-100 kamerapaketti\"}]},{\"@type\":\"WebSite\",\"@id\":\"https:\\\/\\\/www.elektrolind.fi\\\/#website\",\"url\":\"https:\\\/\\\/www.elektrolind.fi\\\/\",\"name\":\"Elektrolind Oy\",\"description\":\"Elektrolind Oy verkkokauppa\",\"publisher\":{\"@id\":\"https:\\\/\\\/www.elektrolind.fi\\\/#organization\"},\"potentialAction\":[{\"@type\":\"SearchAction\",\"target\":{\"@type\":\"EntryPoint\",\"urlTemplate\":\"https:\\\/\\\/www.elektrolind.fi\\\/?s={search_term_string}\"},\"query-input\":{\"@type\":\"PropertyValueSpecification\",\"valueRequired\":true,\"valueName\":\"search_term_string\"}}],\"inLanguage\":\"en-US\"},{\"@type\":\"Organization\",\"@id\":\"https:\\\/\\\/www.elektrolind.fi\\\/#organization\",\"name\":\"Elektrolind Oy\",\"url\":\"https:\\\/\\\/www.elektrolind.fi\\\/\",\"logo\":{\"@type\":\"ImageObject\",\"inLanguage\":\"en-US\",\"@id\":\"https:\\\/\\\/www.elektrolind.fi\\\/#\\\/schema\\\/logo\\\/image\\\/\",\"url\":\"https:\\\/\\\/www.elektrolind.fi\\\/wp-content\\\/uploads\\\/2024\\\/05\\\/cropped-elektrolind-logo-pieni.png\",\"contentUrl\":\"https:\\\/\\\/www.elektrolind.fi\\\/wp-content\\\/uploads\\\/2024\\\/05\\\/cropped-elektrolind-logo-pieni.png\",\"width\":500,\"height\":500,\"caption\":\"Elektrolind Oy\"},\"image\":{\"@id\":\"https:\\\/\\\/www.elektrolind.fi\\\/#\\\/schema\\\/logo\\\/image\\\/\"}}]}<\/script>\n<!-- \/ Yoast SEO plugin. -->","yoast_head_json":{"title":"VBV-750-100 kamerapaketti - Elektrolind Oy","robots":{"index":"index","follow":"follow","max-snippet":"max-snippet:-1","max-image-preview":"max-image-preview:large","max-video-preview":"max-video-preview:-1"},"canonical":"https:\/\/www.elektrolind.fi\/tuote\/kamerapaketti-vbv-750-100","og_locale":"en_US","og_type":"article","og_title":"VBV-750-100 kamerapaketti - Elektrolind Oy","og_description":"Kamerapaketti sis\u00e4lt\u00e4\u00e4:   1 kpl\u00a0 VBV-750M-S, 5\"\u00a0 TFT -monitori  1 kpl\u00a0 VBV-710C, sulkijal\u00e4p\u00e4llinen v\u00e4rikamera  1 kpl\u00a0 VBV-L520, 20m kamerakaapeli  3 kameratuloa  Sek\u00e4 tarvittavat asennustarvikkeet","og_url":"https:\/\/www.elektrolind.fi\/tuote\/kamerapaketti-vbv-750-100","og_site_name":"Elektrolind Oy","article_modified_time":"2025-05-23T10:20:50+00:00","og_image":[{"width":1648,"height":1091,"url":"https:\/\/www.elektrolind.fi\/wp-content\/uploads\/2019\/04\/vbv-750-100-2.jpg","type":"image\/jpeg"}],"twitter_card":"summary_large_image","schema":{"@context":"https:\/\/schema.org","@graph":[{"@type":"WebPage","@id":"https:\/\/www.elektrolind.fi\/tuote\/kamerapaketti-vbv-750-100","url":"https:\/\/www.elektrolind.fi\/tuote\/kamerapaketti-vbv-750-100","name":"VBV-750-100 kamerapaketti - Elektrolind Oy","isPartOf":{"@id":"https:\/\/www.elektrolind.fi\/#website"},"primaryImageOfPage":{"@id":"https:\/\/www.elektrolind.fi\/tuote\/kamerapaketti-vbv-750-100#primaryimage"},"image":{"@id":"https:\/\/www.elektrolind.fi\/tuote\/kamerapaketti-vbv-750-100#primaryimage"},"thumbnailUrl":"https:\/\/www.elektrolind.fi\/wp-content\/uploads\/2019\/04\/vbv-750-100-2.jpg","datePublished":"2019-04-08T12:01:56+00:00","dateModified":"2025-05-23T10:20:50+00:00","breadcrumb":{"@id":"https:\/\/www.elektrolind.fi\/tuote\/kamerapaketti-vbv-750-100#breadcrumb"},"inLanguage":"en-US","potentialAction":[{"@type":"ReadAction","target":["https:\/\/www.elektrolind.fi\/tuote\/kamerapaketti-vbv-750-100"]}]},{"@type":"ImageObject","inLanguage":"en-US","@id":"https:\/\/www.elektrolind.fi\/tuote\/kamerapaketti-vbv-750-100#primaryimage","url":"https:\/\/www.elektrolind.fi\/wp-content\/uploads\/2019\/04\/vbv-750-100-2.jpg","contentUrl":"https:\/\/www.elektrolind.fi\/wp-content\/uploads\/2019\/04\/vbv-750-100-2.jpg","width":1648,"height":1091},{"@type":"BreadcrumbList","@id":"https:\/\/www.elektrolind.fi\/tuote\/kamerapaketti-vbv-750-100#breadcrumb","itemListElement":[{"@type":"ListItem","position":1,"name":"Home","item":"https:\/\/www.elektrolind.fi\/"},{"@type":"ListItem","position":2,"name":"Shop","item":"https:\/\/www.elektrolind.fi\/en\/shop"},{"@type":"ListItem","position":3,"name":"VBV-750-100 kamerapaketti"}]},{"@type":"WebSite","@id":"https:\/\/www.elektrolind.fi\/#website","url":"https:\/\/www.elektrolind.fi\/","name":"Elektrolind Oy","description":"Elektrolind Oy verkkokauppa","publisher":{"@id":"https:\/\/www.elektrolind.fi\/#organization"},"potentialAction":[{"@type":"SearchAction","target":{"@type":"EntryPoint","urlTemplate":"https:\/\/www.elektrolind.fi\/?s={search_term_string}"},"query-input":{"@type":"PropertyValueSpecification","valueRequired":true,"valueName":"search_term_string"}}],"inLanguage":"en-US"},{"@type":"Organization","@id":"https:\/\/www.elektrolind.fi\/#organization","name":"Elektrolind Oy","url":"https:\/\/www.elektrolind.fi\/","logo":{"@type":"ImageObject","inLanguage":"en-US","@id":"https:\/\/www.elektrolind.fi\/#\/schema\/logo\/image\/","url":"https:\/\/www.elektrolind.fi\/wp-content\/uploads\/2024\/05\/cropped-elektrolind-logo-pieni.png","contentUrl":"https:\/\/www.elektrolind.fi\/wp-content\/uploads\/2024\/05\/cropped-elektrolind-logo-pieni.png","width":500,"height":500,"caption":"Elektrolind Oy"},"image":{"@id":"https:\/\/www.elektrolind.fi\/#\/schema\/logo\/image\/"}}]}},"_links":{"self":[{"href":"https:\/\/www.elektrolind.fi\/en\/wp-json\/wp\/v2\/product\/1557","targetHints":{"allow":["GET"]}}],"collection":[{"href":"https:\/\/www.elektrolind.fi\/en\/wp-json\/wp\/v2\/product"}],"about":[{"href":"https:\/\/www.elektrolind.fi\/en\/wp-json\/wp\/v2\/types\/product"}],"wp:featuredmedia":[{"embeddable":true,"href":"https:\/\/www.elektrolind.fi\/en\/wp-json\/wp\/v2\/media\/1828"}],"wp:attachment":[{"href":"https:\/\/www.elektrolind.fi\/en\/wp-json\/wp\/v2\/media?parent=1557"}],"wp:term":[{"taxonomy":"product_brand","embeddable":true,"href":"https:\/\/www.elektrolind.fi\/en\/wp-json\/wp\/v2\/product_brand?post=1557"},{"taxonomy":"product_cat","embeddable":true,"href":"https:\/\/www.elektrolind.fi\/en\/wp-json\/wp\/v2\/product_cat?post=1557"},{"taxonomy":"product_tag","embeddable":true,"href":"https:\/\/www.elektrolind.fi\/en\/wp-json\/wp\/v2\/product_tag?post=1557"}],"curies":[{"name":"wp","href":"https:\/\/api.w.org\/{rel}","templated":true}]}}