{"id":223,"date":"2019-03-19T09:06:50","date_gmt":"2019-03-19T09:06:50","guid":{"rendered":"https:\/\/www.elektrolind.fi\/yritys"},"modified":"2024-03-18T10:13:14","modified_gmt":"2024-03-18T08:13:14","slug":"yritys","status":"publish","type":"page","link":"https:\/\/www.elektrolind.fi\/en\/yritys","title":{"rendered":"Company"},"content":{"rendered":"\n<p> <br\/><strong>Suomen Elektrolind Oy on vuonna 1995 perustettu palveleva komponenttien maahantuoja ja s\u00e4hk\u00f6j\u00e4rjestelmien valmistaja.<\/strong><\/p>\n\n<p> As an official representative of component manufacturers in Finland, we can offer our customers a fast and efficient service package.<\/p>\n\n<p>Up-to-date product information ensures you&#8217;ll find the latest innovative products from our website<\/p>\n\n<p> Our robust technical expertise allows us to provide knowledgeable service and the right technical solution, &#8220;we know what we are selling&#8221;.<\/p>\n\n<figure class=\"wp-block-image\"><img loading=\"lazy\" decoding=\"async\" width=\"700\" height=\"474\" src=\"https:\/\/www.elektrolind.fi\/wp-content\/uploads\/2019\/03\/rekka.jpg\" alt=\"\" class=\"wp-image-276\" srcset=\"https:\/\/www.elektrolind.fi\/wp-content\/uploads\/2019\/03\/rekka.jpg 700w, https:\/\/www.elektrolind.fi\/wp-content\/uploads\/2019\/03\/rekka-300x203.jpg 300w\" sizes=\"auto, (max-width: 700px) 100vw, 700px\" \/><\/figure>\n","protected":false},"excerpt":{"rendered":"<p>Suomen Elektrolind Oy on vuonna 1995 perustettu palveleva komponenttien maahantuoja ja s\u00e4hk\u00f6j\u00e4rjestelmien valmistaja. As an official representative of component manufacturers in Finland, we can offer our customers a fast and efficient service package. Up-to-date product information ensures you&#8217;ll find the latest innovative products from our website Our robust technical expertise allows us to provide knowledgeable [&hellip;]<\/p>\n","protected":false},"author":1,"featured_media":0,"parent":0,"menu_order":0,"comment_status":"closed","ping_status":"open","template":"","meta":{"_acf_changed":false,"footnotes":""},"class_list":["post-223","page","type-page","status-publish","hentry"],"acf":[],"yoast_head":"<!-- This site is optimized with the Yoast SEO plugin v27.4 - https:\/\/yoast.com\/product\/yoast-seo-wordpress\/ -->\n<title>Company - Elektrolind Oy<\/title>\n<meta name=\"robots\" content=\"index, follow, max-snippet:-1, max-image-preview:large, max-video-preview:-1\" \/>\n<link rel=\"canonical\" href=\"https:\/\/www.elektrolind.fi\/en\/yritys\" \/>\n<meta property=\"og:locale\" content=\"en_US\" \/>\n<meta property=\"og:type\" content=\"article\" \/>\n<meta property=\"og:title\" content=\"Company - Elektrolind Oy\" \/>\n<meta property=\"og:description\" content=\"Suomen Elektrolind Oy on vuonna 1995 perustettu palveleva komponenttien maahantuoja ja s\u00e4hk\u00f6j\u00e4rjestelmien valmistaja. As an official representative of component manufacturers in Finland, we can offer our customers a fast and efficient service package. Up-to-date product information ensures you&#8217;ll find the latest innovative products from our website Our robust technical expertise allows us to provide knowledgeable [&hellip;]\" \/>\n<meta property=\"og:url\" content=\"https:\/\/www.elektrolind.fi\/en\/yritys\" \/>\n<meta property=\"og:site_name\" content=\"Elektrolind Oy\" \/>\n<meta property=\"article:modified_time\" content=\"2024-03-18T08:13:14+00:00\" \/>\n<meta property=\"og:image\" content=\"https:\/\/www.elektrolind.fi\/wp-content\/uploads\/2019\/03\/rekka.jpg\" \/>\n<meta name=\"twitter:card\" content=\"summary_large_image\" \/>\n<script type=\"application\/ld+json\" class=\"yoast-schema-graph\">{\"@context\":\"https:\\\/\\\/schema.org\",\"@graph\":[{\"@type\":\"WebPage\",\"@id\":\"https:\\\/\\\/www.elektrolind.fi\\\/en\\\/yritys\",\"url\":\"https:\\\/\\\/www.elektrolind.fi\\\/en\\\/yritys\",\"name\":\"Company - Elektrolind Oy\",\"isPartOf\":{\"@id\":\"https:\\\/\\\/www.elektrolind.fi\\\/#website\"},\"primaryImageOfPage\":{\"@id\":\"https:\\\/\\\/www.elektrolind.fi\\\/en\\\/yritys#primaryimage\"},\"image\":{\"@id\":\"https:\\\/\\\/www.elektrolind.fi\\\/en\\\/yritys#primaryimage\"},\"thumbnailUrl\":\"https:\\\/\\\/www.elektrolind.fi\\\/wp-content\\\/uploads\\\/2019\\\/03\\\/rekka.jpg\",\"datePublished\":\"2019-03-19T09:06:50+00:00\",\"dateModified\":\"2024-03-18T08:13:14+00:00\",\"breadcrumb\":{\"@id\":\"https:\\\/\\\/www.elektrolind.fi\\\/en\\\/yritys#breadcrumb\"},\"inLanguage\":\"en-US\",\"potentialAction\":[{\"@type\":\"ReadAction\",\"target\":[\"https:\\\/\\\/www.elektrolind.fi\\\/en\\\/yritys\"]}]},{\"@type\":\"ImageObject\",\"inLanguage\":\"en-US\",\"@id\":\"https:\\\/\\\/www.elektrolind.fi\\\/en\\\/yritys#primaryimage\",\"url\":\"https:\\\/\\\/www.elektrolind.fi\\\/wp-content\\\/uploads\\\/2019\\\/03\\\/rekka.jpg\",\"contentUrl\":\"https:\\\/\\\/www.elektrolind.fi\\\/wp-content\\\/uploads\\\/2019\\\/03\\\/rekka.jpg\"},{\"@type\":\"BreadcrumbList\",\"@id\":\"https:\\\/\\\/www.elektrolind.fi\\\/en\\\/yritys#breadcrumb\",\"itemListElement\":[{\"@type\":\"ListItem\",\"position\":1,\"name\":\"Home\",\"item\":\"https:\\\/\\\/www.elektrolind.fi\\\/\"},{\"@type\":\"ListItem\",\"position\":2,\"name\":\"Company\"}]},{\"@type\":\"WebSite\",\"@id\":\"https:\\\/\\\/www.elektrolind.fi\\\/#website\",\"url\":\"https:\\\/\\\/www.elektrolind.fi\\\/\",\"name\":\"Elektrolind Oy\",\"description\":\"Elektrolind Oy verkkokauppa\",\"publisher\":{\"@id\":\"https:\\\/\\\/www.elektrolind.fi\\\/#organization\"},\"potentialAction\":[{\"@type\":\"SearchAction\",\"target\":{\"@type\":\"EntryPoint\",\"urlTemplate\":\"https:\\\/\\\/www.elektrolind.fi\\\/?s={search_term_string}\"},\"query-input\":{\"@type\":\"PropertyValueSpecification\",\"valueRequired\":true,\"valueName\":\"search_term_string\"}}],\"inLanguage\":\"en-US\"},{\"@type\":\"Organization\",\"@id\":\"https:\\\/\\\/www.elektrolind.fi\\\/#organization\",\"name\":\"Elektrolind Oy\",\"url\":\"https:\\\/\\\/www.elektrolind.fi\\\/\",\"logo\":{\"@type\":\"ImageObject\",\"inLanguage\":\"en-US\",\"@id\":\"https:\\\/\\\/www.elektrolind.fi\\\/#\\\/schema\\\/logo\\\/image\\\/\",\"url\":\"https:\\\/\\\/www.elektrolind.fi\\\/wp-content\\\/uploads\\\/2024\\\/05\\\/cropped-elektrolind-logo-pieni.png\",\"contentUrl\":\"https:\\\/\\\/www.elektrolind.fi\\\/wp-content\\\/uploads\\\/2024\\\/05\\\/cropped-elektrolind-logo-pieni.png\",\"width\":500,\"height\":500,\"caption\":\"Elektrolind Oy\"},\"image\":{\"@id\":\"https:\\\/\\\/www.elektrolind.fi\\\/#\\\/schema\\\/logo\\\/image\\\/\"}}]}<\/script>\n<!-- \/ Yoast SEO plugin. -->","yoast_head_json":{"title":"Company - Elektrolind Oy","robots":{"index":"index","follow":"follow","max-snippet":"max-snippet:-1","max-image-preview":"max-image-preview:large","max-video-preview":"max-video-preview:-1"},"canonical":"https:\/\/www.elektrolind.fi\/en\/yritys","og_locale":"en_US","og_type":"article","og_title":"Company - Elektrolind Oy","og_description":"Suomen Elektrolind Oy on vuonna 1995 perustettu palveleva komponenttien maahantuoja ja s\u00e4hk\u00f6j\u00e4rjestelmien valmistaja. As an official representative of component manufacturers in Finland, we can offer our customers a fast and efficient service package. Up-to-date product information ensures you&#8217;ll find the latest innovative products from our website Our robust technical expertise allows us to provide knowledgeable [&hellip;]","og_url":"https:\/\/www.elektrolind.fi\/en\/yritys","og_site_name":"Elektrolind Oy","article_modified_time":"2024-03-18T08:13:14+00:00","og_image":[{"url":"https:\/\/www.elektrolind.fi\/wp-content\/uploads\/2019\/03\/rekka.jpg","type":"","width":"","height":""}],"twitter_card":"summary_large_image","schema":{"@context":"https:\/\/schema.org","@graph":[{"@type":"WebPage","@id":"https:\/\/www.elektrolind.fi\/en\/yritys","url":"https:\/\/www.elektrolind.fi\/en\/yritys","name":"Company - Elektrolind Oy","isPartOf":{"@id":"https:\/\/www.elektrolind.fi\/#website"},"primaryImageOfPage":{"@id":"https:\/\/www.elektrolind.fi\/en\/yritys#primaryimage"},"image":{"@id":"https:\/\/www.elektrolind.fi\/en\/yritys#primaryimage"},"thumbnailUrl":"https:\/\/www.elektrolind.fi\/wp-content\/uploads\/2019\/03\/rekka.jpg","datePublished":"2019-03-19T09:06:50+00:00","dateModified":"2024-03-18T08:13:14+00:00","breadcrumb":{"@id":"https:\/\/www.elektrolind.fi\/en\/yritys#breadcrumb"},"inLanguage":"en-US","potentialAction":[{"@type":"ReadAction","target":["https:\/\/www.elektrolind.fi\/en\/yritys"]}]},{"@type":"ImageObject","inLanguage":"en-US","@id":"https:\/\/www.elektrolind.fi\/en\/yritys#primaryimage","url":"https:\/\/www.elektrolind.fi\/wp-content\/uploads\/2019\/03\/rekka.jpg","contentUrl":"https:\/\/www.elektrolind.fi\/wp-content\/uploads\/2019\/03\/rekka.jpg"},{"@type":"BreadcrumbList","@id":"https:\/\/www.elektrolind.fi\/en\/yritys#breadcrumb","itemListElement":[{"@type":"ListItem","position":1,"name":"Home","item":"https:\/\/www.elektrolind.fi\/"},{"@type":"ListItem","position":2,"name":"Company"}]},{"@type":"WebSite","@id":"https:\/\/www.elektrolind.fi\/#website","url":"https:\/\/www.elektrolind.fi\/","name":"Elektrolind Oy","description":"Elektrolind Oy verkkokauppa","publisher":{"@id":"https:\/\/www.elektrolind.fi\/#organization"},"potentialAction":[{"@type":"SearchAction","target":{"@type":"EntryPoint","urlTemplate":"https:\/\/www.elektrolind.fi\/?s={search_term_string}"},"query-input":{"@type":"PropertyValueSpecification","valueRequired":true,"valueName":"search_term_string"}}],"inLanguage":"en-US"},{"@type":"Organization","@id":"https:\/\/www.elektrolind.fi\/#organization","name":"Elektrolind Oy","url":"https:\/\/www.elektrolind.fi\/","logo":{"@type":"ImageObject","inLanguage":"en-US","@id":"https:\/\/www.elektrolind.fi\/#\/schema\/logo\/image\/","url":"https:\/\/www.elektrolind.fi\/wp-content\/uploads\/2024\/05\/cropped-elektrolind-logo-pieni.png","contentUrl":"https:\/\/www.elektrolind.fi\/wp-content\/uploads\/2024\/05\/cropped-elektrolind-logo-pieni.png","width":500,"height":500,"caption":"Elektrolind Oy"},"image":{"@id":"https:\/\/www.elektrolind.fi\/#\/schema\/logo\/image\/"}}]}},"_links":{"self":[{"href":"https:\/\/www.elektrolind.fi\/en\/wp-json\/wp\/v2\/pages\/223","targetHints":{"allow":["GET"]}}],"collection":[{"href":"https:\/\/www.elektrolind.fi\/en\/wp-json\/wp\/v2\/pages"}],"about":[{"href":"https:\/\/www.elektrolind.fi\/en\/wp-json\/wp\/v2\/types\/page"}],"author":[{"embeddable":true,"href":"https:\/\/www.elektrolind.fi\/en\/wp-json\/wp\/v2\/users\/1"}],"replies":[{"embeddable":true,"href":"https:\/\/www.elektrolind.fi\/en\/wp-json\/wp\/v2\/comments?post=223"}],"version-history":[{"count":4,"href":"https:\/\/www.elektrolind.fi\/en\/wp-json\/wp\/v2\/pages\/223\/revisions"}],"predecessor-version":[{"id":3864,"href":"https:\/\/www.elektrolind.fi\/en\/wp-json\/wp\/v2\/pages\/223\/revisions\/3864"}],"wp:attachment":[{"href":"https:\/\/www.elektrolind.fi\/en\/wp-json\/wp\/v2\/media?parent=223"}],"curies":[{"name":"wp","href":"https:\/\/api.w.org\/{rel}","templated":true}]}}